
{"id":5660,"date":"2025-05-28T10:44:41","date_gmt":"2025-05-28T08:44:41","guid":{"rendered":"https:\/\/teszt.fx.hu\/?page_id=5660"},"modified":"2025-07-11T10:49:51","modified_gmt":"2025-07-11T08:49:51","slug":"blog","status":"publish","type":"page","link":"https:\/\/fx.hu\/hu\/blog\/","title":{"rendered":"Blog"},"content":{"rendered":"<div class=\"wpb-content-wrapper\"><p>[vc_row full_width=&#8221;stretch_row&#8221; background_image=&#8221;5859&#8243; el_class=&#8221;.das-aboutus-header&#8221;][vc_column][tm_spacer size=&#8221;sm:80;md:120;lg:170&#8243;][tm_heading custom_google_font=&#8221;&#8221; align=&#8221;center&#8221; text_color=&#8221;custom&#8221; custom_text_color=&#8221;#ffffff&#8221; font_size=&#8221;xs:20;sm:40;md:60;lg:80&#8243; line_height=&#8221;1.09&#8243;]Blog[\/tm_heading][tm_spacer size=&#8221;lg:50&#8243;][\/vc_column][\/vc_row][vc_row el_id=&#8221;felgyorsulo&#8221;][vc_column][tm_spacer size=&#8221;lg:50&#8243;][\/vc_column][\/vc_row][vc_row][vc_column][tm_spacer size=&#8221;lg:20&#8243;][tm_spacer size=&#8221;lg:40&#8243;][tm_blog style=&#8221;grid-classic&#8221; el_class=&#8221;das-blog&#8221; number=&#8221;9999&#8243; filter_enable=&#8221;1&#8243; columns=&#8221;xs:1;sm:2;lg:3&#8243;][\/vc_column][\/vc_row]<\/p>\n<\/div>","protected":false},"excerpt":{"rendered":"<p>[vc_row full_width=&#8221;stretch_row&#8221; background_image=&#8221;5859&#8243; el_class=&#8221;.das-aboutus-header&#8221;][vc_column][tm_spacer size=&#8221;sm:80;md:120;lg:170&#8243;][tm_heading custom_google_font=&#8221;&#8221; align=&#8221;center&#8221; text_color=&#8221;custom&#8221; custom_text_color=&#8221;#ffffff&#8221; font_size=&#8221;xs:20;sm:40;md:60;lg:80&#8243; line_height=&#8221;1.09&#8243;]Blog[\/tm_heading][tm_spacer size=&#8221;lg:50&#8243;][\/vc_column][\/vc_row][vc_row el_id=&#8221;felgyorsulo&#8221;][vc_column][tm_spacer size=&#8221;lg:50&#8243;][\/vc_column][\/vc_row][vc_row][vc_column][tm_spacer size=&#8221;lg:20&#8243;][tm_spacer size=&#8221;lg:40&#8243;][tm_blog style=&#8221;grid-classic&#8221; el_class=&#8221;das-blog&#8221; number=&#8221;9999&#8243; filter_enable=&#8221;1&#8243; columns=&#8221;xs:1;sm:2;lg:3&#8243;][\/vc_column][\/vc_row]<\/p>\n","protected":false},"author":1,"featured_media":0,"parent":0,"menu_order":0,"comment_status":"closed","ping_status":"closed","template":"","meta":{"inline_featured_image":false,"footnotes":""},"class_list":["post-5660","page","type-page","status-publish","hentry","post-no-thumbnail"],"yoast_head":"<!-- This site is optimized with the Yoast SEO plugin v27.3 - https:\/\/yoast.com\/product\/yoast-seo-wordpress\/ -->\n<title>Blog - FX Software<\/title>\n<meta name=\"description\" content=\"Az FX Software szolg\u00e1ltat\u00e1sai.\" \/>\n<meta name=\"robots\" content=\"index, follow, max-snippet:-1, max-image-preview:large, max-video-preview:-1\" \/>\n<link rel=\"canonical\" href=\"https:\/\/fx.hu\/hu\/blog\/\" \/>\n<meta property=\"og:locale\" content=\"hu_HU\" \/>\n<meta property=\"og:type\" content=\"article\" \/>\n<meta property=\"og:title\" content=\"Blog - FX Software\" \/>\n<meta property=\"og:description\" content=\"Az FX Software szolg\u00e1ltat\u00e1sai.\" \/>\n<meta property=\"og:url\" content=\"https:\/\/fx.hu\/hu\/blog\/\" \/>\n<meta property=\"og:site_name\" content=\"FX Software\" \/>\n<meta property=\"article:modified_time\" content=\"2025-07-11T08:49:51+00:00\" \/>\n<meta name=\"twitter:card\" content=\"summary_large_image\" \/>\n<meta name=\"twitter:label1\" content=\"Becs\u00fclt olvas\u00e1si id\u0151\" \/>\n\t<meta name=\"twitter:data1\" content=\"1 perc\" \/>\n<script type=\"application\/ld+json\" class=\"yoast-schema-graph\">{\"@context\":\"https:\\\/\\\/schema.org\",\"@graph\":[{\"@type\":\"WebPage\",\"@id\":\"https:\\\/\\\/fx.hu\\\/hu\\\/blog\\\/\",\"url\":\"https:\\\/\\\/fx.hu\\\/hu\\\/blog\\\/\",\"name\":\"Blog - FX Software\",\"isPartOf\":{\"@id\":\"https:\\\/\\\/fx.hu\\\/hu\\\/#website\"},\"datePublished\":\"2025-05-28T08:44:41+00:00\",\"dateModified\":\"2025-07-11T08:49:51+00:00\",\"description\":\"Az FX Software szolg\u00e1ltat\u00e1sai.\",\"breadcrumb\":{\"@id\":\"https:\\\/\\\/fx.hu\\\/hu\\\/blog\\\/#breadcrumb\"},\"inLanguage\":\"hu\",\"potentialAction\":[{\"@type\":\"ReadAction\",\"target\":[\"https:\\\/\\\/fx.hu\\\/hu\\\/blog\\\/\"]}]},{\"@type\":\"BreadcrumbList\",\"@id\":\"https:\\\/\\\/fx.hu\\\/hu\\\/blog\\\/#breadcrumb\",\"itemListElement\":[{\"@type\":\"ListItem\",\"position\":1,\"name\":\"Kezd\u0151lap\",\"item\":\"https:\\\/\\\/fx.hu\\\/hu\\\/\"},{\"@type\":\"ListItem\",\"position\":2,\"name\":\"Blog\"}]},{\"@type\":\"WebSite\",\"@id\":\"https:\\\/\\\/fx.hu\\\/hu\\\/#website\",\"url\":\"https:\\\/\\\/fx.hu\\\/hu\\\/\",\"name\":\"FX Software\",\"description\":\"Megb\u00edzhat\u00f3 partner a treasury szoftvermegold\u00e1sokban\",\"publisher\":{\"@id\":\"https:\\\/\\\/fx.hu\\\/hu\\\/#organization\"},\"potentialAction\":[{\"@type\":\"SearchAction\",\"target\":{\"@type\":\"EntryPoint\",\"urlTemplate\":\"https:\\\/\\\/fx.hu\\\/hu\\\/?s={search_term_string}\"},\"query-input\":{\"@type\":\"PropertyValueSpecification\",\"valueRequired\":true,\"valueName\":\"search_term_string\"}}],\"inLanguage\":\"hu\"},{\"@type\":\"Organization\",\"@id\":\"https:\\\/\\\/fx.hu\\\/hu\\\/#organization\",\"name\":\"FX Software\",\"url\":\"https:\\\/\\\/fx.hu\\\/hu\\\/\",\"logo\":{\"@type\":\"ImageObject\",\"inLanguage\":\"hu\",\"@id\":\"https:\\\/\\\/fx.hu\\\/hu\\\/#\\\/schema\\\/logo\\\/image\\\/\",\"url\":\"https:\\\/\\\/fx.hu\\\/wp-content\\\/uploads\\\/2023\\\/01\\\/FX_logo_mobile.png\",\"contentUrl\":\"https:\\\/\\\/fx.hu\\\/wp-content\\\/uploads\\\/2023\\\/01\\\/FX_logo_mobile.png\",\"width\":808,\"height\":600,\"caption\":\"FX Software\"},\"image\":{\"@id\":\"https:\\\/\\\/fx.hu\\\/hu\\\/#\\\/schema\\\/logo\\\/image\\\/\"}}]}<\/script>\n<!-- \/ Yoast SEO plugin. -->","yoast_head_json":{"title":"Blog - FX Software","description":"Az FX Software szolg\u00e1ltat\u00e1sai.","robots":{"index":"index","follow":"follow","max-snippet":"max-snippet:-1","max-image-preview":"max-image-preview:large","max-video-preview":"max-video-preview:-1"},"canonical":"https:\/\/fx.hu\/hu\/blog\/","og_locale":"hu_HU","og_type":"article","og_title":"Blog - FX Software","og_description":"Az FX Software szolg\u00e1ltat\u00e1sai.","og_url":"https:\/\/fx.hu\/hu\/blog\/","og_site_name":"FX Software","article_modified_time":"2025-07-11T08:49:51+00:00","twitter_card":"summary_large_image","twitter_misc":{"Becs\u00fclt olvas\u00e1si id\u0151":"1 perc"},"schema":{"@context":"https:\/\/schema.org","@graph":[{"@type":"WebPage","@id":"https:\/\/fx.hu\/hu\/blog\/","url":"https:\/\/fx.hu\/hu\/blog\/","name":"Blog - FX Software","isPartOf":{"@id":"https:\/\/fx.hu\/hu\/#website"},"datePublished":"2025-05-28T08:44:41+00:00","dateModified":"2025-07-11T08:49:51+00:00","description":"Az FX Software szolg\u00e1ltat\u00e1sai.","breadcrumb":{"@id":"https:\/\/fx.hu\/hu\/blog\/#breadcrumb"},"inLanguage":"hu","potentialAction":[{"@type":"ReadAction","target":["https:\/\/fx.hu\/hu\/blog\/"]}]},{"@type":"BreadcrumbList","@id":"https:\/\/fx.hu\/hu\/blog\/#breadcrumb","itemListElement":[{"@type":"ListItem","position":1,"name":"Kezd\u0151lap","item":"https:\/\/fx.hu\/hu\/"},{"@type":"ListItem","position":2,"name":"Blog"}]},{"@type":"WebSite","@id":"https:\/\/fx.hu\/hu\/#website","url":"https:\/\/fx.hu\/hu\/","name":"FX Software","description":"Megb\u00edzhat\u00f3 partner a treasury szoftvermegold\u00e1sokban","publisher":{"@id":"https:\/\/fx.hu\/hu\/#organization"},"potentialAction":[{"@type":"SearchAction","target":{"@type":"EntryPoint","urlTemplate":"https:\/\/fx.hu\/hu\/?s={search_term_string}"},"query-input":{"@type":"PropertyValueSpecification","valueRequired":true,"valueName":"search_term_string"}}],"inLanguage":"hu"},{"@type":"Organization","@id":"https:\/\/fx.hu\/hu\/#organization","name":"FX Software","url":"https:\/\/fx.hu\/hu\/","logo":{"@type":"ImageObject","inLanguage":"hu","@id":"https:\/\/fx.hu\/hu\/#\/schema\/logo\/image\/","url":"https:\/\/fx.hu\/wp-content\/uploads\/2023\/01\/FX_logo_mobile.png","contentUrl":"https:\/\/fx.hu\/wp-content\/uploads\/2023\/01\/FX_logo_mobile.png","width":808,"height":600,"caption":"FX Software"},"image":{"@id":"https:\/\/fx.hu\/hu\/#\/schema\/logo\/image\/"}}]}},"_links":{"self":[{"href":"https:\/\/fx.hu\/hu\/wp-json\/wp\/v2\/pages\/5660","targetHints":{"allow":["GET"]}}],"collection":[{"href":"https:\/\/fx.hu\/hu\/wp-json\/wp\/v2\/pages"}],"about":[{"href":"https:\/\/fx.hu\/hu\/wp-json\/wp\/v2\/types\/page"}],"author":[{"embeddable":true,"href":"https:\/\/fx.hu\/hu\/wp-json\/wp\/v2\/users\/1"}],"replies":[{"embeddable":true,"href":"https:\/\/fx.hu\/hu\/wp-json\/wp\/v2\/comments?post=5660"}],"version-history":[{"count":6,"href":"https:\/\/fx.hu\/hu\/wp-json\/wp\/v2\/pages\/5660\/revisions"}],"predecessor-version":[{"id":5861,"href":"https:\/\/fx.hu\/hu\/wp-json\/wp\/v2\/pages\/5660\/revisions\/5861"}],"wp:attachment":[{"href":"https:\/\/fx.hu\/hu\/wp-json\/wp\/v2\/media?parent=5660"}],"curies":[{"name":"wp","href":"https:\/\/api.w.org\/{rel}","templated":true}]}}