
{"id":3181,"date":"2023-01-27T19:31:46","date_gmt":"2023-01-27T18:31:46","guid":{"rendered":"http:\/\/fx.vermis.hu\/?page_id=3181"},"modified":"2025-04-17T09:40:24","modified_gmt":"2025-04-17T07:40:24","slug":"eves-beszamolok","status":"publish","type":"page","link":"https:\/\/fx.hu\/hu\/kozzetetel\/eves-beszamolok\/","title":{"rendered":"\u00c9ves besz\u00e1mol\u00f3k"},"content":{"rendered":"<div class=\"wpb-content-wrapper\"><p>[vc_row full_width=&#8221;stretch_row&#8221; background_image=&#8221;5484&#8243; el_class=&#8221;das-reports-header&#8221;][vc_column][tm_spacer size=&#8221;sm:80;md:120;lg:170&#8243;][tm_heading custom_google_font=&#8221;&#8221; align=&#8221;center&#8221; text_color=&#8221;custom&#8221; custom_text_color=&#8221;#ffffff&#8221; font_size=&#8221;xs:20;sm:40;md:60;lg:80&#8243; line_height=&#8221;1.09&#8243;]\u00c9ves besz\u00e1mol\u00f3k[\/tm_heading][tm_spacer size=&#8221;lg:50&#8243;][\/vc_column][\/vc_row][vc_row full_width=&#8221;stretch_row&#8221; lg_spacing=&#8221;padding_bottom:60&#8243;][vc_column width=&#8221;1\/2&#8243;][tm_spacer size=&#8221;lg:40&#8243;][tm_heading custom_google_font=&#8221;&#8221; text_color=&#8221;custom&#8221; custom_text_color=&#8221;#0081c5&#8243;]\u00c9ves besz\u00e1mol\u00f3k[\/tm_heading][tm_spacer size=&#8221;lg:40&#8243;][tm_list list_style=&#8221;icon&#8221; columns=&#8221;xs:1;lg:1&#8243; items=&#8221;%5B%7B%22item_title%22%3A%22FX%20Software%20Zrt.%20%C3%89ves%20besz%C3%A1mol%C3%B3%20%E2%80%93%202023%22%2C%22link%22%3A%22url%3Ahttps%253A%252F%252Fteszt.fx.hu%252Fwp-content%252Fuploads%252F2025%252F03%252FFX_Zrt_merleg_2023.pdf%7Ctarget%3A_blank%22%2C%22icon%22%3A%22fa%20fa-file-pdf%22%7D%2C%7B%22item_title%22%3A%22FX%20Software%20Zrt.%20%C3%89ves%20besz%C3%A1mol%C3%B3%20%E2%80%93%202022%22%2C%22link%22%3A%22url%3Ahttps%253A%252F%252Fteszt.fx.hu%252Fwp-content%252Fuploads%252F2025%252F03%252FFX_Zrt_merleg_2022.pdf%7Ctarget%3A_blank%22%2C%22icon%22%3A%22fa%20fa-file-pdf%22%7D%2C%7B%22item_title%22%3A%22FX%20Software%20Zrt.%20%C3%89ves%20besz%C3%A1mol%C3%B3%20%E2%80%93%202021%22%2C%22link%22%3A%22url%3Ahttps%253A%252F%252Fteszt.fx.hu%252Fwp-content%252Fuploads%252F2025%252F03%252FFX_Zrt_merleg_2021.pdf%7Ctarget%3A_blank%22%2C%22icon%22%3A%22fa%20fa-file-pdf%22%7D%5D&#8221;][tm_spacer size=&#8221;lg:15&#8243;][tm_list list_style=&#8221;icon&#8221; columns=&#8221;xs:1;lg:1&#8243; items=&#8221;%5B%7B%22item_title%22%3A%22FX%20Software%20Zrt.%20%C3%89ves%20besz%C3%A1mol%C3%B3%20%E2%80%93%202020%22%2C%22link%22%3A%22url%3A%252Fwp-content%252Fuploads%252F2023%252F01%252F1b-FX_Zrt_merleg_2020.pdf%22%2C%22icon%22%3A%22fa%20fa-file-pdf%22%7D%2C%7B%22item_title%22%3A%22FX%20Software%20Zrt.%20%C3%89ves%20besz%C3%A1mol%C3%B3%20%E2%80%93%202019%22%2C%22link%22%3A%22url%3A%252Fwp-content%252Fuploads%252F2023%252F01%252F1-FX-Software-Zrt_-eves-beszamolo_2019.pdf%22%2C%22icon%22%3A%22fa%20fa-file-pdf%22%7D%2C%7B%22item_title%22%3A%22FX%20Software%20Zrt.%20%C3%89ves%20besz%C3%A1mol%C3%B3%20%E2%80%93%202018%22%2C%22link%22%3A%22url%3A%252Fwp-content%252Fuploads%252F2023%252F01%252FEvesBeszamolo_2018-2.pdf%22%2C%22icon%22%3A%22fa%20fa-file-pdf%22%7D%2C%7B%22item_title%22%3A%22FX%20Software%20Zrt.%20%C3%89ves%20besz%C3%A1mol%C3%B3%20%E2%80%93%202017%22%2C%22link%22%3A%22url%3A%252Fwp-content%252Fuploads%252F2023%252F01%252FEves_beszamolo_2017_FX_SoftwareZrt.pdf%22%2C%22icon%22%3A%22fa%20fa-file-pdf%22%7D%2C%7B%22item_title%22%3A%22FX%20Software%20Zrt.%20%C3%89ves%20besz%C3%A1mol%C3%B3%20%E2%80%93%202016%22%2C%22link%22%3A%22url%3A%252Fwp-content%252Fuploads%252F2023%252F01%252FFX-Software-Zrt-eves-beszamolo-2016.pdf%22%2C%22icon%22%3A%22fa%20fa-file-pdf%22%7D%2C%7B%22item_title%22%3A%22FX%20Software%20Zrt.%20%C3%89ves%20besz%C3%A1mol%C3%B3%20%E2%80%93%202015%22%2C%22link%22%3A%22url%3A%252Fwp-content%252Fuploads%252F2023%252F01%252FFX-Software-Zrt-eves-beszamolo-2015.pdf%22%2C%22icon%22%3A%22fa%20fa-file-pdf%22%7D%2C%7B%22item_title%22%3A%22FX%20Software%20Zrt.%20%C3%89ves%20besz%C3%A1mol%C3%B3%20%E2%80%93%202014%22%2C%22link%22%3A%22url%3A%252Fwp-content%252Fuploads%252F2023%252F01%252FFX-Software-Zrt-eves-beszamolo-2014.pdf%22%2C%22icon%22%3A%22fa%20fa-file-pdf%22%7D%2C%7B%22item_title%22%3A%22FX%20Software%20Zrt.%20%C3%89ves%20besz%C3%A1mol%C3%B3%20%E2%80%93%202013%22%2C%22link%22%3A%22url%3A%252Fwp-content%252Fuploads%252F2023%252F01%252FFX-Software-Zrt-eves-beszamolo-2013.pdf%22%2C%22icon%22%3A%22fa%20fa-file-pdf%22%7D%2C%7B%22item_title%22%3A%22FX%20Software%20Zrt.%20%C3%89ves%20besz%C3%A1mol%C3%B3%20%E2%80%93%202012%22%2C%22link%22%3A%22url%3A%252Fwp-content%252Fuploads%252F2023%252F01%252FFX-ZRT-eves-beszamolo-2012.pdf%22%2C%22icon%22%3A%22fa%20fa-file-pdf%22%7D%2C%7B%22item_title%22%3A%22FX%20Software%20Zrt.%20%C3%89ves%20besz%C3%A1mol%C3%B3%20%E2%80%93%202011%22%2C%22link%22%3A%22url%3A%252Fwp-content%252Fuploads%252F2023%252F01%252FFX-Software-Zrt-eves-beszamolo-2011.pdf%22%2C%22icon%22%3A%22fa%20fa-file-pdf%22%7D%2C%7B%22item_title%22%3A%22FX%20Software%20Zrt.%20%C3%89ves%20besz%C3%A1mol%C3%B3%20%E2%80%93%202010%22%2C%22link%22%3A%22url%3A%252Fwp-content%252Fuploads%252F2023%252F01%252FFX-ZRT-eves-beszamolo-2010.pdf%22%2C%22icon%22%3A%22fa%20fa-file-pdf%22%7D%5D&#8221;][tm_spacer size=&#8221;lg:15&#8243;][tm_spacer size=&#8221;lg:18&#8243;][\/vc_column][vc_column width=&#8221;1\/2&#8243;][tm_spacer size=&#8221;lg:40&#8243;][\/vc_column][\/vc_row]<\/p>\n<\/div>","protected":false},"excerpt":{"rendered":"<p>[vc_row full_width=&#8221;stretch_row&#8221; background_image=&#8221;5484&#8243; el_class=&#8221;das-reports-header&#8221;][vc_column][tm_spacer size=&#8221;sm:80;md:120;lg:170&#8243;][tm_heading custom_google_font=&#8221;&#8221; align=&#8221;center&#8221; text_color=&#8221;custom&#8221; custom_text_color=&#8221;#ffffff&#8221; font_size=&#8221;xs:20;sm:40;md:60;lg:80&#8243; line_height=&#8221;1.09&#8243;]\u00c9ves besz\u00e1mol\u00f3k[\/tm_heading][tm_spacer size=&#8221;lg:50&#8243;][\/vc_column][\/vc_row][vc_row full_width=&#8221;stretch_row&#8221; lg_spacing=&#8221;padding_bottom:60&#8243;][vc_column width=&#8221;1\/2&#8243;][tm_spacer size=&#8221;lg:40&#8243;][tm_heading custom_google_font=&#8221;&#8221; text_color=&#8221;custom&#8221; custom_text_color=&#8221;#0081c5&#8243;]\u00c9ves besz\u00e1mol\u00f3k[\/tm_heading][tm_spacer size=&#8221;lg:40&#8243;][tm_list list_style=&#8221;icon&#8221; columns=&#8221;xs:1;lg:1&#8243; items=&#8221;%5B%7B%22item_title%22%3A%22FX%20Software%20Zrt.%20%C3%89ves%20besz%C3%A1mol%C3%B3%20%E2%80%93%202023%22%2C%22link%22%3A%22url%3Ahttps%253A%252F%252Fteszt.fx.hu%252Fwp-content%252Fuploads%252F2025%252F03%252FFX_Zrt_merleg_2023.pdf%7Ctarget%3A_blank%22%2C%22icon%22%3A%22fa%20fa-file-pdf%22%7D%2C%7B%22item_title%22%3A%22FX%20Software%20Zrt.%20%C3%89ves%20besz%C3%A1mol%C3%B3%20%E2%80%93%202022%22%2C%22link%22%3A%22url%3Ahttps%253A%252F%252Fteszt.fx.hu%252Fwp-content%252Fuploads%252F2025%252F03%252FFX_Zrt_merleg_2022.pdf%7Ctarget%3A_blank%22%2C%22icon%22%3A%22fa%20fa-file-pdf%22%7D%2C%7B%22item_title%22%3A%22FX%20Software%20Zrt.%20%C3%89ves%20besz%C3%A1mol%C3%B3%20%E2%80%93%202021%22%2C%22link%22%3A%22url%3Ahttps%253A%252F%252Fteszt.fx.hu%252Fwp-content%252Fuploads%252F2025%252F03%252FFX_Zrt_merleg_2021.pdf%7Ctarget%3A_blank%22%2C%22icon%22%3A%22fa%20fa-file-pdf%22%7D%5D&#8221;][tm_spacer size=&#8221;lg:15&#8243;][tm_list list_style=&#8221;icon&#8221; columns=&#8221;xs:1;lg:1&#8243; items=&#8221;%5B%7B%22item_title%22%3A%22FX%20Software%20Zrt.%20%C3%89ves%20besz%C3%A1mol%C3%B3%20%E2%80%93%202020%22%2C%22link%22%3A%22url%3A%252Fwp-content%252Fuploads%252F2023%252F01%252F1b-FX_Zrt_merleg_2020.pdf%22%2C%22icon%22%3A%22fa%20fa-file-pdf%22%7D%2C%7B%22item_title%22%3A%22FX%20Software%20Zrt.%20%C3%89ves%20besz%C3%A1mol%C3%B3%20%E2%80%93%202019%22%2C%22link%22%3A%22url%3A%252Fwp-content%252Fuploads%252F2023%252F01%252F1-FX-Software-Zrt_-eves-beszamolo_2019.pdf%22%2C%22icon%22%3A%22fa%20fa-file-pdf%22%7D%2C%7B%22item_title%22%3A%22FX%20Software%20Zrt.%20%C3%89ves%20besz%C3%A1mol%C3%B3%20%E2%80%93%202018%22%2C%22link%22%3A%22url%3A%252Fwp-content%252Fuploads%252F2023%252F01%252FEvesBeszamolo_2018-2.pdf%22%2C%22icon%22%3A%22fa%20fa-file-pdf%22%7D%2C%7B%22item_title%22%3A%22FX%20Software%20Zrt.%20%C3%89ves%20besz%C3%A1mol%C3%B3%20%E2%80%93%202017%22%2C%22link%22%3A%22url%3A%252Fwp-content%252Fuploads%252F2023%252F01%252FEves_beszamolo_2017_FX_SoftwareZrt.pdf%22%2C%22icon%22%3A%22fa%20fa-file-pdf%22%7D%2C%7B%22item_title%22%3A%22FX%20Software%20Zrt.%20%C3%89ves%20besz%C3%A1mol%C3%B3%20%E2%80%93%202016%22%2C%22link%22%3A%22url%3A%252Fwp-content%252Fuploads%252F2023%252F01%252FFX-Software-Zrt-eves-beszamolo-2016.pdf%22%2C%22icon%22%3A%22fa%20fa-file-pdf%22%7D%2C%7B%22item_title%22%3A%22FX%20Software%20Zrt.%20%C3%89ves%20besz%C3%A1mol%C3%B3%20%E2%80%93%202015%22%2C%22link%22%3A%22url%3A%252Fwp-content%252Fuploads%252F2023%252F01%252FFX-Software-Zrt-eves-beszamolo-2015.pdf%22%2C%22icon%22%3A%22fa%20fa-file-pdf%22%7D%2C%7B%22item_title%22%3A%22FX%20Software%20Zrt.%20%C3%89ves%20besz%C3%A1mol%C3%B3%20%E2%80%93%202014%22%2C%22link%22%3A%22url%3A%252Fwp-content%252Fuploads%252F2023%252F01%252FFX-Software-Zrt-eves-beszamolo-2014.pdf%22%2C%22icon%22%3A%22fa%20fa-file-pdf%22%7D%2C%7B%22item_title%22%3A%22FX%20Software%20Zrt.%20%C3%89ves%20besz%C3%A1mol%C3%B3%20%E2%80%93%202013%22%2C%22link%22%3A%22url%3A%252Fwp-content%252Fuploads%252F2023%252F01%252FFX-Software-Zrt-eves-beszamolo-2013.pdf%22%2C%22icon%22%3A%22fa%20fa-file-pdf%22%7D%2C%7B%22item_title%22%3A%22FX%20Software%20Zrt.%20%C3%89ves%20besz%C3%A1mol%C3%B3%20%E2%80%93%202012%22%2C%22link%22%3A%22url%3A%252Fwp-content%252Fuploads%252F2023%252F01%252FFX-ZRT-eves-beszamolo-2012.pdf%22%2C%22icon%22%3A%22fa%20fa-file-pdf%22%7D%2C%7B%22item_title%22%3A%22FX%20Software%20Zrt.%20%C3%89ves%20besz%C3%A1mol%C3%B3%20%E2%80%93%202011%22%2C%22link%22%3A%22url%3A%252Fwp-content%252Fuploads%252F2023%252F01%252FFX-Software-Zrt-eves-beszamolo-2011.pdf%22%2C%22icon%22%3A%22fa%20fa-file-pdf%22%7D%2C%7B%22item_title%22%3A%22FX%20Software%20Zrt.%20%C3%89ves%20besz%C3%A1mol%C3%B3%20%E2%80%93%202010%22%2C%22link%22%3A%22url%3A%252Fwp-content%252Fuploads%252F2023%252F01%252FFX-ZRT-eves-beszamolo-2010.pdf%22%2C%22icon%22%3A%22fa%20fa-file-pdf%22%7D%5D&#8221;][tm_spacer size=&#8221;lg:15&#8243;][tm_spacer size=&#8221;lg:18&#8243;][\/vc_column][vc_column width=&#8221;1\/2&#8243;][tm_spacer size=&#8221;lg:40&#8243;][\/vc_column][\/vc_row]<\/p>\n","protected":false},"author":1,"featured_media":0,"parent":3179,"menu_order":0,"comment_status":"closed","ping_status":"closed","template":"","meta":{"inline_featured_image":false,"footnotes":""},"class_list":["post-3181","page","type-page","status-publish","hentry","post-no-thumbnail"],"yoast_head":"<!-- This site is optimized with the Yoast SEO plugin v27.3 - https:\/\/yoast.com\/product\/yoast-seo-wordpress\/ -->\n<title>\u00c9ves besz\u00e1mol\u00f3k - FX Software<\/title>\n<meta name=\"description\" content=\"Az FX Software \u00e9ves besz\u00e1mol\u00f3i.\" \/>\n<meta name=\"robots\" content=\"index, follow, max-snippet:-1, max-image-preview:large, max-video-preview:-1\" \/>\n<link rel=\"canonical\" href=\"https:\/\/fx.hu\/hu\/kozzetetel\/eves-beszamolok\/\" \/>\n<meta property=\"og:locale\" content=\"hu_HU\" \/>\n<meta property=\"og:type\" content=\"article\" \/>\n<meta property=\"og:title\" content=\"\u00c9ves besz\u00e1mol\u00f3k - FX Software\" \/>\n<meta property=\"og:description\" content=\"Az FX Software \u00e9ves besz\u00e1mol\u00f3i.\" \/>\n<meta property=\"og:url\" content=\"https:\/\/fx.hu\/hu\/kozzetetel\/eves-beszamolok\/\" \/>\n<meta property=\"og:site_name\" content=\"FX Software\" \/>\n<meta property=\"article:modified_time\" content=\"2025-04-17T07:40:24+00:00\" \/>\n<meta name=\"twitter:card\" content=\"summary_large_image\" \/>\n<meta name=\"twitter:label1\" content=\"Becs\u00fclt olvas\u00e1si id\u0151\" \/>\n\t<meta name=\"twitter:data1\" content=\"1 perc\" \/>\n<script type=\"application\/ld+json\" class=\"yoast-schema-graph\">{\"@context\":\"https:\\\/\\\/schema.org\",\"@graph\":[{\"@type\":\"WebPage\",\"@id\":\"https:\\\/\\\/fx.hu\\\/hu\\\/kozzetetel\\\/eves-beszamolok\\\/\",\"url\":\"https:\\\/\\\/fx.hu\\\/hu\\\/kozzetetel\\\/eves-beszamolok\\\/\",\"name\":\"\u00c9ves besz\u00e1mol\u00f3k - FX Software\",\"isPartOf\":{\"@id\":\"https:\\\/\\\/fx.hu\\\/hu\\\/#website\"},\"datePublished\":\"2023-01-27T18:31:46+00:00\",\"dateModified\":\"2025-04-17T07:40:24+00:00\",\"description\":\"Az FX Software \u00e9ves besz\u00e1mol\u00f3i.\",\"breadcrumb\":{\"@id\":\"https:\\\/\\\/fx.hu\\\/hu\\\/kozzetetel\\\/eves-beszamolok\\\/#breadcrumb\"},\"inLanguage\":\"hu\",\"potentialAction\":[{\"@type\":\"ReadAction\",\"target\":[\"https:\\\/\\\/fx.hu\\\/hu\\\/kozzetetel\\\/eves-beszamolok\\\/\"]}]},{\"@type\":\"BreadcrumbList\",\"@id\":\"https:\\\/\\\/fx.hu\\\/hu\\\/kozzetetel\\\/eves-beszamolok\\\/#breadcrumb\",\"itemListElement\":[{\"@type\":\"ListItem\",\"position\":1,\"name\":\"Kezd\u0151lap\",\"item\":\"https:\\\/\\\/fx.hu\\\/hu\\\/\"},{\"@type\":\"ListItem\",\"position\":2,\"name\":\"K\u00f6zz\u00e9t\u00e9tel\",\"item\":\"https:\\\/\\\/fx.hu\\\/hu\\\/kozzetetel\\\/\"},{\"@type\":\"ListItem\",\"position\":3,\"name\":\"\u00c9ves besz\u00e1mol\u00f3k\"}]},{\"@type\":\"WebSite\",\"@id\":\"https:\\\/\\\/fx.hu\\\/hu\\\/#website\",\"url\":\"https:\\\/\\\/fx.hu\\\/hu\\\/\",\"name\":\"FX Software\",\"description\":\"Megb\u00edzhat\u00f3 partner a treasury szoftvermegold\u00e1sokban\",\"publisher\":{\"@id\":\"https:\\\/\\\/fx.hu\\\/hu\\\/#organization\"},\"potentialAction\":[{\"@type\":\"SearchAction\",\"target\":{\"@type\":\"EntryPoint\",\"urlTemplate\":\"https:\\\/\\\/fx.hu\\\/hu\\\/?s={search_term_string}\"},\"query-input\":{\"@type\":\"PropertyValueSpecification\",\"valueRequired\":true,\"valueName\":\"search_term_string\"}}],\"inLanguage\":\"hu\"},{\"@type\":\"Organization\",\"@id\":\"https:\\\/\\\/fx.hu\\\/hu\\\/#organization\",\"name\":\"FX Software\",\"url\":\"https:\\\/\\\/fx.hu\\\/hu\\\/\",\"logo\":{\"@type\":\"ImageObject\",\"inLanguage\":\"hu\",\"@id\":\"https:\\\/\\\/fx.hu\\\/hu\\\/#\\\/schema\\\/logo\\\/image\\\/\",\"url\":\"https:\\\/\\\/fx.hu\\\/wp-content\\\/uploads\\\/2023\\\/01\\\/FX_logo_mobile.png\",\"contentUrl\":\"https:\\\/\\\/fx.hu\\\/wp-content\\\/uploads\\\/2023\\\/01\\\/FX_logo_mobile.png\",\"width\":808,\"height\":600,\"caption\":\"FX Software\"},\"image\":{\"@id\":\"https:\\\/\\\/fx.hu\\\/hu\\\/#\\\/schema\\\/logo\\\/image\\\/\"}}]}<\/script>\n<!-- \/ Yoast SEO plugin. -->","yoast_head_json":{"title":"\u00c9ves besz\u00e1mol\u00f3k - FX Software","description":"Az FX Software \u00e9ves besz\u00e1mol\u00f3i.","robots":{"index":"index","follow":"follow","max-snippet":"max-snippet:-1","max-image-preview":"max-image-preview:large","max-video-preview":"max-video-preview:-1"},"canonical":"https:\/\/fx.hu\/hu\/kozzetetel\/eves-beszamolok\/","og_locale":"hu_HU","og_type":"article","og_title":"\u00c9ves besz\u00e1mol\u00f3k - FX Software","og_description":"Az FX Software \u00e9ves besz\u00e1mol\u00f3i.","og_url":"https:\/\/fx.hu\/hu\/kozzetetel\/eves-beszamolok\/","og_site_name":"FX Software","article_modified_time":"2025-04-17T07:40:24+00:00","twitter_card":"summary_large_image","twitter_misc":{"Becs\u00fclt olvas\u00e1si id\u0151":"1 perc"},"schema":{"@context":"https:\/\/schema.org","@graph":[{"@type":"WebPage","@id":"https:\/\/fx.hu\/hu\/kozzetetel\/eves-beszamolok\/","url":"https:\/\/fx.hu\/hu\/kozzetetel\/eves-beszamolok\/","name":"\u00c9ves besz\u00e1mol\u00f3k - FX Software","isPartOf":{"@id":"https:\/\/fx.hu\/hu\/#website"},"datePublished":"2023-01-27T18:31:46+00:00","dateModified":"2025-04-17T07:40:24+00:00","description":"Az FX Software \u00e9ves besz\u00e1mol\u00f3i.","breadcrumb":{"@id":"https:\/\/fx.hu\/hu\/kozzetetel\/eves-beszamolok\/#breadcrumb"},"inLanguage":"hu","potentialAction":[{"@type":"ReadAction","target":["https:\/\/fx.hu\/hu\/kozzetetel\/eves-beszamolok\/"]}]},{"@type":"BreadcrumbList","@id":"https:\/\/fx.hu\/hu\/kozzetetel\/eves-beszamolok\/#breadcrumb","itemListElement":[{"@type":"ListItem","position":1,"name":"Kezd\u0151lap","item":"https:\/\/fx.hu\/hu\/"},{"@type":"ListItem","position":2,"name":"K\u00f6zz\u00e9t\u00e9tel","item":"https:\/\/fx.hu\/hu\/kozzetetel\/"},{"@type":"ListItem","position":3,"name":"\u00c9ves besz\u00e1mol\u00f3k"}]},{"@type":"WebSite","@id":"https:\/\/fx.hu\/hu\/#website","url":"https:\/\/fx.hu\/hu\/","name":"FX Software","description":"Megb\u00edzhat\u00f3 partner a treasury szoftvermegold\u00e1sokban","publisher":{"@id":"https:\/\/fx.hu\/hu\/#organization"},"potentialAction":[{"@type":"SearchAction","target":{"@type":"EntryPoint","urlTemplate":"https:\/\/fx.hu\/hu\/?s={search_term_string}"},"query-input":{"@type":"PropertyValueSpecification","valueRequired":true,"valueName":"search_term_string"}}],"inLanguage":"hu"},{"@type":"Organization","@id":"https:\/\/fx.hu\/hu\/#organization","name":"FX Software","url":"https:\/\/fx.hu\/hu\/","logo":{"@type":"ImageObject","inLanguage":"hu","@id":"https:\/\/fx.hu\/hu\/#\/schema\/logo\/image\/","url":"https:\/\/fx.hu\/wp-content\/uploads\/2023\/01\/FX_logo_mobile.png","contentUrl":"https:\/\/fx.hu\/wp-content\/uploads\/2023\/01\/FX_logo_mobile.png","width":808,"height":600,"caption":"FX Software"},"image":{"@id":"https:\/\/fx.hu\/hu\/#\/schema\/logo\/image\/"}}]}},"_links":{"self":[{"href":"https:\/\/fx.hu\/hu\/wp-json\/wp\/v2\/pages\/3181","targetHints":{"allow":["GET"]}}],"collection":[{"href":"https:\/\/fx.hu\/hu\/wp-json\/wp\/v2\/pages"}],"about":[{"href":"https:\/\/fx.hu\/hu\/wp-json\/wp\/v2\/types\/page"}],"author":[{"embeddable":true,"href":"https:\/\/fx.hu\/hu\/wp-json\/wp\/v2\/users\/1"}],"replies":[{"embeddable":true,"href":"https:\/\/fx.hu\/hu\/wp-json\/wp\/v2\/comments?post=3181"}],"version-history":[{"count":23,"href":"https:\/\/fx.hu\/hu\/wp-json\/wp\/v2\/pages\/3181\/revisions"}],"predecessor-version":[{"id":5628,"href":"https:\/\/fx.hu\/hu\/wp-json\/wp\/v2\/pages\/3181\/revisions\/5628"}],"up":[{"embeddable":true,"href":"https:\/\/fx.hu\/hu\/wp-json\/wp\/v2\/pages\/3179"}],"wp:attachment":[{"href":"https:\/\/fx.hu\/hu\/wp-json\/wp\/v2\/media?parent=3181"}],"curies":[{"name":"wp","href":"https:\/\/api.w.org\/{rel}","templated":true}]}}