
{"id":3151,"date":"2023-01-27T18:14:48","date_gmt":"2023-01-27T17:14:48","guid":{"rendered":"http:\/\/fx.vermis.hu\/?page_id=3151"},"modified":"2025-04-17T09:33:17","modified_gmt":"2025-04-17T07:33:17","slug":"szolgaltatasaink","status":"publish","type":"page","link":"https:\/\/fx.hu\/hu\/rolunk\/szolgaltatasaink\/","title":{"rendered":"Szolg\u00e1ltat\u00e1saink"},"content":{"rendered":"<div class=\"wpb-content-wrapper\"><p>[vc_row full_width=&#8221;stretch_row&#8221; background_image=&#8221;5411&#8243; el_class=&#8221;.das-aboutus-header&#8221;][vc_column][tm_spacer size=&#8221;sm:80;md:120;lg:170&#8243;][tm_heading custom_google_font=&#8221;&#8221; align=&#8221;center&#8221; text_color=&#8221;custom&#8221; custom_text_color=&#8221;#ffffff&#8221; font_size=&#8221;xs:20;sm:40;md:60;lg:80&#8243; line_height=&#8221;1.09&#8243;]Szolg\u00e1ltat\u00e1saink[\/tm_heading][tm_spacer size=&#8221;lg:50&#8243;][\/vc_column][\/vc_row][vc_row full_width=&#8221;stretch_row&#8221;][vc_column][tm_spacer size=&#8221;lg:40&#8243;][tm_heading custom_google_font=&#8221;&#8221; text_color=&#8221;custom&#8221; custom_text_color=&#8221;#0081c5&#8243; font_size=&#8221;xs:20;sm:25;md:24;lg:24&#8243; line_height=&#8221;1.09&#8243;]Tan\u00e1csad\u00e1s &#8211; Szak\u00e9rtelem a p\u00e9nz\u00fcgyekben[\/tm_heading][tm_spacer size=&#8221;lg:18&#8243;][\/vc_column][\/vc_row][vc_row][vc_column][vc_column_text]J\u00f3l k\u00e9pzett szak\u00e9rt\u0151ink \u00e9s tan\u00e1csad\u00f3ink t\u00f6bb \u00e9vtizedes tapasztalattal rendelkeznek banki, treasury \u00e9s sz\u00e1mviteli szakter\u00fcleten.<\/p>\n<p>Rendszer\u00fcnk \u00fczleti fejleszt\u00e9se sor\u00e1n azonnal reag\u00e1lunk a piaci standardok, szok\u00e1sok v\u00e1ltoz\u00e1saira, b\u0151v\u00edtj\u00fck a rendszer funkcionalit\u00e1s\u00e1t \u00fagy, hogy \u2018piaci best practice\u2019 megold\u00e1sokat ny\u00fajtsunk \u00fcgyfeleink r\u00e9sz\u00e9re. Szak\u00e9rt\u0151ink az \u00fcgyf\u00e9lig\u00e9nyek pontos meg\u00e9rt\u00e9s\u00e9re t\u00f6rekszenek, seg\u00edtenek struktur\u00e1lni az \u00fczleti ig\u00e9nyeket \u00e9s arra rendszer megold\u00e1si javaslatot dolgoznak ki. Az FX Software-ben szorosan \u00f6sszefon\u00f3d\u00f3 p\u00e9nz\u00fcgyi \u00e9s fejleszt\u0151i szak\u00e9rtelem teszi lehet\u0151v\u00e9 piacvezet\u0151 p\u00e9nz\u00fcgyi megold\u00e1sok sz\u00e1ll\u00edt\u00e1s\u00e1t.[\/vc_column_text][\/vc_column][\/vc_row][vc_row full_width=&#8221;stretch_row&#8221;][vc_column][tm_spacer size=&#8221;lg:40&#8243;][tm_heading custom_google_font=&#8221;&#8221; text_color=&#8221;custom&#8221; custom_text_color=&#8221;#0081c5&#8243; font_size=&#8221;xs:20;sm:25;md:24;lg:24&#8243; line_height=&#8221;1.09&#8243;]Szoftver &#8211; Innovat\u00edv szoftver megold\u00e1sok[\/tm_heading][tm_spacer size=&#8221;lg:18&#8243;][\/vc_column][\/vc_row][vc_row][vc_column][vc_column_text]Saj\u00e1t fejleszt\u00e9s\u0171 megold\u00e1sunk az InForex Rendszer, amely modulariz\u00e1lt, j\u00f3l param\u00e9terezhet\u0151, k\u00f6nnyen implement\u00e1lhat\u00f3 megold\u00e1s. Megtervezett \u00e9s j\u00f3l menedzselt \u00fczleti, technol\u00f3giai \u00e9s ergon\u00f3miai fejleszt\u00e9sekkel t\u00e1mogatjuk, hogy partnereink sz\u00e1m\u00e1ra naprak\u00e9sz, megb\u00edzhat\u00f3 \u00e9s j\u00f3l haszn\u00e1lhat\u00f3 rendszert biztos\u00edthassunk. \u00a0L\u00e9p\u00e9st tartva a piaci ig\u00e9nyekkel folyamatosan fejlesztj\u00fck term\u00e9keinket. A fejleszt\u00e9sek sor\u00e1n a leg\u00fajabb, de m\u00e1r bizony\u00edtott technol\u00f3giai \u00e9s szoftver ergon\u00f3miai megold\u00e1sokat alkalmazzuk, hogy az inform\u00e1ci\u00f3 akkor, ott \u00e9s olyan form\u00e1ban \u00e1lljon rendelkez\u00e9sre, ami a felhaszn\u00e1l\u00f3k sz\u00e1m\u00e1ra a leghasznosabb.[\/vc_column_text][\/vc_column][\/vc_row][vc_row full_width=&#8221;stretch_row&#8221;][vc_column][tm_spacer size=&#8221;lg:40&#8243;][tm_heading custom_google_font=&#8221;&#8221; text_color=&#8221;custom&#8221; custom_text_color=&#8221;#0081c5&#8243; font_size=&#8221;xs:20;sm:25;md:24;lg:24&#8243; line_height=&#8221;1.09&#8243;]Implement\u00e1ci\u00f3 &#8211; Hat\u00e9konys\u00e1g a kivitelez\u00e9sben[\/tm_heading][tm_spacer size=&#8221;lg:18&#8243;][\/vc_column][\/vc_row][vc_row][vc_column][vc_column_text]\u00d3ri\u00e1si implement\u00e1ci\u00f3s gyakorlatra tett\u00fcnk szert rendszer\u00fcnk bevezet\u00e9si projektjei sor\u00e1n. A tapasztalatainkat \u00e9s projekt menedzsment tud\u00e1sunkat \u00f6tv\u00f6zve FX projekt menedzsment m\u00f3dszertant alak\u00edtottunk ki, amellyel biztos\u00edtjuk a partnereink sz\u00e1m\u00e1ra a bevezet\u00e9si vagy funkci\u00f3 b\u0151v\u00edt\u00e9si feladatok z\u00f6kken\u0151mentes \u00e9s hat\u00e9kony kezel\u00e9s\u00e9t.[\/vc_column_text][\/vc_column][\/vc_row][vc_row full_width=&#8221;stretch_row&#8221;][vc_column][tm_spacer size=&#8221;lg:40&#8243;][tm_heading custom_google_font=&#8221;&#8221; text_color=&#8221;custom&#8221; custom_text_color=&#8221;#0081c5&#8243; font_size=&#8221;xs:20;sm:25;md:24;lg:24&#8243; line_height=&#8221;1.09&#8243;]T\u00e1mogat\u00e1s \u00e9s k\u00f6vet\u00e9s &#8211; Rendszerk\u00f6vet\u00e9s \u00e9s t\u00e1mogat\u00e1s[\/tm_heading][\/vc_column][\/vc_row][vc_row][vc_column][tm_spacer size=&#8221;lg:20&#8243;][vc_column_text]Az FX Software karbantart\u00e1st \u00e9s rendszerk\u00f6vet\u00e9st biztos\u00edt minden \u00fcgyfel\u00e9nek a szoftver \u00fczembe helyez\u00e9s\u00e9t k\u00f6vet\u0151en. Elk\u00f6telezettek vagyunk a magas sz\u00ednvonal\u00fa, egy\u00e9ni ig\u00e9nyek kiel\u00e9g\u00edt\u00e9s\u00e9t ny\u00fajt\u00f3 szolg\u00e1ltat\u00e1s mellett. Kifejezetten t\u00e1mogat\u00e1ssal foglalkoz\u00f3 kapcsolattart\u00f3i csapatunk \u00e9s online bejelent\u00e9skezel\u0151 rendszer\u00fcnk pedig lehet\u0151v\u00e9 teszik az \u00fcgymenetek gyors, rugalmas \u00e9s hat\u00e9kony t\u00e1mogat\u00e1s\u00e1t.[\/vc_column_text][tm_spacer size=&#8221;lg:60&#8243;][\/vc_column][\/vc_row]<\/p>\n<\/div>","protected":false},"excerpt":{"rendered":"<p>[vc_row full_width=&#8221;stretch_row&#8221; background_image=&#8221;5411&#8243; el_class=&#8221;.das-aboutus-header&#8221;][vc_column][tm_spacer size=&#8221;sm:80;md:120;lg:170&#8243;][tm_heading custom_google_font=&#8221;&#8221; align=&#8221;center&#8221; text_color=&#8221;custom&#8221; custom_text_color=&#8221;#ffffff&#8221; font_size=&#8221;xs:20;sm:40;md:60;lg:80&#8243; line_height=&#8221;1.09&#8243;]Szolg\u00e1ltat\u00e1saink[\/tm_heading][tm_spacer size=&#8221;lg:50&#8243;][\/vc_column][\/vc_row][vc_row full_width=&#8221;stretch_row&#8221;][vc_column][tm_spacer size=&#8221;lg:40&#8243;][tm_heading custom_google_font=&#8221;&#8221; text_color=&#8221;custom&#8221; custom_text_color=&#8221;#0081c5&#8243; font_size=&#8221;xs:20;sm:25;md:24;lg:24&#8243; line_height=&#8221;1.09&#8243;]Tan\u00e1csad\u00e1s &#8211; Szak\u00e9rtelem a p\u00e9nz\u00fcgyekben[\/tm_heading][tm_spacer size=&#8221;lg:18&#8243;][\/vc_column][\/vc_row][vc_row][vc_column][vc_column_text]J\u00f3l k\u00e9pzett szak\u00e9rt\u0151ink \u00e9s tan\u00e1csad\u00f3ink t\u00f6bb \u00e9vtizedes tapasztalattal rendelkeznek banki, treasury \u00e9s sz\u00e1mviteli szakter\u00fcleten. Rendszer\u00fcnk \u00fczleti fejleszt\u00e9se sor\u00e1n azonnal reag\u00e1lunk a piaci standardok, szok\u00e1sok v\u00e1ltoz\u00e1saira, b\u0151v\u00edtj\u00fck a rendszer funkcionalit\u00e1s\u00e1t \u00fagy, hogy \u2018piaci best practice\u2019 megold\u00e1sokat ny\u00fajtsunk \u00fcgyfeleink r\u00e9sz\u00e9re. Szak\u00e9rt\u0151ink az \u00fcgyf\u00e9lig\u00e9nyek pontos meg\u00e9rt\u00e9s\u00e9re t\u00f6rekszenek, seg\u00edtenek struktur\u00e1lni az \u00fczleti ig\u00e9nyeket \u00e9s arra rendszer megold\u00e1si javaslatot dolgoznak ki. Az FX Software-ben szorosan \u00f6sszefon\u00f3d\u00f3 p\u00e9nz\u00fcgyi \u00e9s fejleszt\u0151i szak\u00e9rtelem teszi lehet\u0151v\u00e9 piacvezet\u0151 p\u00e9nz\u00fcgyi megold\u00e1sok sz\u00e1ll\u00edt\u00e1s\u00e1t.[\/vc_column_text][\/vc_column][\/vc_row][vc_row full_width=&#8221;stretch_row&#8221;][vc_column][tm_spacer size=&#8221;lg:40&#8243;][tm_heading custom_google_font=&#8221;&#8221; text_color=&#8221;custom&#8221; custom_text_color=&#8221;#0081c5&#8243; font_size=&#8221;xs:20;sm:25;md:24;lg:24&#8243; line_height=&#8221;1.09&#8243;]Szoftver &#8211; Innovat\u00edv szoftver megold\u00e1sok[\/tm_heading][tm_spacer size=&#8221;lg:18&#8243;][\/vc_column][\/vc_row][vc_row][vc_column][vc_column_text]Saj\u00e1t fejleszt\u00e9s\u0171 megold\u00e1sunk az InForex Rendszer, amely modulariz\u00e1lt, j\u00f3l param\u00e9terezhet\u0151, k\u00f6nnyen implement\u00e1lhat\u00f3 megold\u00e1s. Megtervezett \u00e9s j\u00f3l menedzselt \u00fczleti, technol\u00f3giai \u00e9s ergon\u00f3miai fejleszt\u00e9sekkel t\u00e1mogatjuk, hogy partnereink sz\u00e1m\u00e1ra naprak\u00e9sz, megb\u00edzhat\u00f3 \u00e9s j\u00f3l haszn\u00e1lhat\u00f3 rendszert biztos\u00edthassunk. \u00a0L\u00e9p\u00e9st tartva a piaci ig\u00e9nyekkel folyamatosan fejlesztj\u00fck term\u00e9keinket. A fejleszt\u00e9sek sor\u00e1n a leg\u00fajabb, de m\u00e1r bizony\u00edtott technol\u00f3giai \u00e9s szoftver ergon\u00f3miai megold\u00e1sokat alkalmazzuk, hogy az inform\u00e1ci\u00f3 akkor, ott \u00e9s olyan form\u00e1ban \u00e1lljon rendelkez\u00e9sre, ami a felhaszn\u00e1l\u00f3k sz\u00e1m\u00e1ra a leghasznosabb.[\/vc_column_text][\/vc_column][\/vc_row][vc_row full_width=&#8221;stretch_row&#8221;][vc_column][tm_spacer size=&#8221;lg:40&#8243;][tm_heading custom_google_font=&#8221;&#8221; text_color=&#8221;custom&#8221; custom_text_color=&#8221;#0081c5&#8243; font_size=&#8221;xs:20;sm:25;md:24;lg:24&#8243; line_height=&#8221;1.09&#8243;]Implement\u00e1ci\u00f3 &#8211; Hat\u00e9konys\u00e1g a kivitelez\u00e9sben[\/tm_heading][tm_spacer size=&#8221;lg:18&#8243;][\/vc_column][\/vc_row][vc_row][vc_column][vc_column_text]\u00d3ri\u00e1si implement\u00e1ci\u00f3s gyakorlatra tett\u00fcnk szert rendszer\u00fcnk bevezet\u00e9si projektjei sor\u00e1n. A tapasztalatainkat \u00e9s projekt menedzsment tud\u00e1sunkat \u00f6tv\u00f6zve FX projekt menedzsment m\u00f3dszertant alak\u00edtottunk ki, amellyel biztos\u00edtjuk a partnereink sz\u00e1m\u00e1ra a bevezet\u00e9si vagy funkci\u00f3 b\u0151v\u00edt\u00e9si feladatok z\u00f6kken\u0151mentes \u00e9s hat\u00e9kony kezel\u00e9s\u00e9t.[\/vc_column_text][\/vc_column][\/vc_row][vc_row full_width=&#8221;stretch_row&#8221;][vc_column][tm_spacer size=&#8221;lg:40&#8243;][tm_heading custom_google_font=&#8221;&#8221; text_color=&#8221;custom&#8221; custom_text_color=&#8221;#0081c5&#8243; font_size=&#8221;xs:20;sm:25;md:24;lg:24&#8243; line_height=&#8221;1.09&#8243;]T\u00e1mogat\u00e1s \u00e9s k\u00f6vet\u00e9s &#8211; Rendszerk\u00f6vet\u00e9s \u00e9s t\u00e1mogat\u00e1s[\/tm_heading][\/vc_column][\/vc_row][vc_row][vc_column][tm_spacer size=&#8221;lg:20&#8243;][vc_column_text]Az FX Software karbantart\u00e1st \u00e9s rendszerk\u00f6vet\u00e9st biztos\u00edt minden \u00fcgyfel\u00e9nek a szoftver \u00fczembe helyez\u00e9s\u00e9t k\u00f6vet\u0151en. Elk\u00f6telezettek vagyunk a magas sz\u00ednvonal\u00fa, egy\u00e9ni ig\u00e9nyek kiel\u00e9g\u00edt\u00e9s\u00e9t ny\u00fajt\u00f3 szolg\u00e1ltat\u00e1s mellett. Kifejezetten t\u00e1mogat\u00e1ssal foglalkoz\u00f3 kapcsolattart\u00f3i csapatunk \u00e9s online bejelent\u00e9skezel\u0151 rendszer\u00fcnk pedig lehet\u0151v\u00e9 teszik az \u00fcgymenetek gyors, rugalmas \u00e9s hat\u00e9kony t\u00e1mogat\u00e1s\u00e1t.[\/vc_column_text][tm_spacer size=&#8221;lg:60&#8243;][\/vc_column][\/vc_row]<\/p>\n","protected":false},"author":1,"featured_media":0,"parent":3142,"menu_order":0,"comment_status":"closed","ping_status":"closed","template":"","meta":{"inline_featured_image":false,"footnotes":""},"class_list":["post-3151","page","type-page","status-publish","hentry","post-no-thumbnail"],"yoast_head":"<!-- This site is optimized with the Yoast SEO plugin v27.3 - https:\/\/yoast.com\/product\/yoast-seo-wordpress\/ -->\n<title>Szolg\u00e1ltat\u00e1saink - FX Software<\/title>\n<meta name=\"description\" content=\"Az FX Software szolg\u00e1ltat\u00e1sai.\" \/>\n<meta name=\"robots\" content=\"index, follow, max-snippet:-1, max-image-preview:large, max-video-preview:-1\" \/>\n<link rel=\"canonical\" href=\"https:\/\/fx.hu\/hu\/rolunk\/szolgaltatasaink\/\" \/>\n<meta property=\"og:locale\" content=\"hu_HU\" \/>\n<meta property=\"og:type\" content=\"article\" \/>\n<meta property=\"og:title\" content=\"Szolg\u00e1ltat\u00e1saink - FX Software\" \/>\n<meta property=\"og:description\" content=\"Az FX Software szolg\u00e1ltat\u00e1sai.\" \/>\n<meta property=\"og:url\" content=\"https:\/\/fx.hu\/hu\/rolunk\/szolgaltatasaink\/\" \/>\n<meta property=\"og:site_name\" content=\"FX Software\" \/>\n<meta property=\"article:modified_time\" content=\"2025-04-17T07:33:17+00:00\" \/>\n<meta name=\"twitter:card\" content=\"summary_large_image\" \/>\n<meta name=\"twitter:label1\" content=\"Becs\u00fclt olvas\u00e1si id\u0151\" \/>\n\t<meta name=\"twitter:data1\" content=\"2 perc\" \/>\n<script type=\"application\/ld+json\" class=\"yoast-schema-graph\">{\"@context\":\"https:\\\/\\\/schema.org\",\"@graph\":[{\"@type\":\"WebPage\",\"@id\":\"https:\\\/\\\/fx.hu\\\/hu\\\/rolunk\\\/szolgaltatasaink\\\/\",\"url\":\"https:\\\/\\\/fx.hu\\\/hu\\\/rolunk\\\/szolgaltatasaink\\\/\",\"name\":\"Szolg\u00e1ltat\u00e1saink - FX Software\",\"isPartOf\":{\"@id\":\"https:\\\/\\\/fx.hu\\\/hu\\\/#website\"},\"datePublished\":\"2023-01-27T17:14:48+00:00\",\"dateModified\":\"2025-04-17T07:33:17+00:00\",\"description\":\"Az FX Software szolg\u00e1ltat\u00e1sai.\",\"breadcrumb\":{\"@id\":\"https:\\\/\\\/fx.hu\\\/hu\\\/rolunk\\\/szolgaltatasaink\\\/#breadcrumb\"},\"inLanguage\":\"hu\",\"potentialAction\":[{\"@type\":\"ReadAction\",\"target\":[\"https:\\\/\\\/fx.hu\\\/hu\\\/rolunk\\\/szolgaltatasaink\\\/\"]}]},{\"@type\":\"BreadcrumbList\",\"@id\":\"https:\\\/\\\/fx.hu\\\/hu\\\/rolunk\\\/szolgaltatasaink\\\/#breadcrumb\",\"itemListElement\":[{\"@type\":\"ListItem\",\"position\":1,\"name\":\"Kezd\u0151lap\",\"item\":\"https:\\\/\\\/fx.hu\\\/hu\\\/\"},{\"@type\":\"ListItem\",\"position\":2,\"name\":\"R\u00f3lunk\",\"item\":\"https:\\\/\\\/fx.hu\\\/hu\\\/rolunk\\\/\"},{\"@type\":\"ListItem\",\"position\":3,\"name\":\"Szolg\u00e1ltat\u00e1saink\"}]},{\"@type\":\"WebSite\",\"@id\":\"https:\\\/\\\/fx.hu\\\/hu\\\/#website\",\"url\":\"https:\\\/\\\/fx.hu\\\/hu\\\/\",\"name\":\"FX Software\",\"description\":\"Megb\u00edzhat\u00f3 partner a treasury szoftvermegold\u00e1sokban\",\"publisher\":{\"@id\":\"https:\\\/\\\/fx.hu\\\/hu\\\/#organization\"},\"potentialAction\":[{\"@type\":\"SearchAction\",\"target\":{\"@type\":\"EntryPoint\",\"urlTemplate\":\"https:\\\/\\\/fx.hu\\\/hu\\\/?s={search_term_string}\"},\"query-input\":{\"@type\":\"PropertyValueSpecification\",\"valueRequired\":true,\"valueName\":\"search_term_string\"}}],\"inLanguage\":\"hu\"},{\"@type\":\"Organization\",\"@id\":\"https:\\\/\\\/fx.hu\\\/hu\\\/#organization\",\"name\":\"FX Software\",\"url\":\"https:\\\/\\\/fx.hu\\\/hu\\\/\",\"logo\":{\"@type\":\"ImageObject\",\"inLanguage\":\"hu\",\"@id\":\"https:\\\/\\\/fx.hu\\\/hu\\\/#\\\/schema\\\/logo\\\/image\\\/\",\"url\":\"https:\\\/\\\/fx.hu\\\/wp-content\\\/uploads\\\/2023\\\/01\\\/FX_logo_mobile.png\",\"contentUrl\":\"https:\\\/\\\/fx.hu\\\/wp-content\\\/uploads\\\/2023\\\/01\\\/FX_logo_mobile.png\",\"width\":808,\"height\":600,\"caption\":\"FX Software\"},\"image\":{\"@id\":\"https:\\\/\\\/fx.hu\\\/hu\\\/#\\\/schema\\\/logo\\\/image\\\/\"}}]}<\/script>\n<!-- \/ Yoast SEO plugin. -->","yoast_head_json":{"title":"Szolg\u00e1ltat\u00e1saink - FX Software","description":"Az FX Software szolg\u00e1ltat\u00e1sai.","robots":{"index":"index","follow":"follow","max-snippet":"max-snippet:-1","max-image-preview":"max-image-preview:large","max-video-preview":"max-video-preview:-1"},"canonical":"https:\/\/fx.hu\/hu\/rolunk\/szolgaltatasaink\/","og_locale":"hu_HU","og_type":"article","og_title":"Szolg\u00e1ltat\u00e1saink - FX Software","og_description":"Az FX Software szolg\u00e1ltat\u00e1sai.","og_url":"https:\/\/fx.hu\/hu\/rolunk\/szolgaltatasaink\/","og_site_name":"FX Software","article_modified_time":"2025-04-17T07:33:17+00:00","twitter_card":"summary_large_image","twitter_misc":{"Becs\u00fclt olvas\u00e1si id\u0151":"2 perc"},"schema":{"@context":"https:\/\/schema.org","@graph":[{"@type":"WebPage","@id":"https:\/\/fx.hu\/hu\/rolunk\/szolgaltatasaink\/","url":"https:\/\/fx.hu\/hu\/rolunk\/szolgaltatasaink\/","name":"Szolg\u00e1ltat\u00e1saink - FX Software","isPartOf":{"@id":"https:\/\/fx.hu\/hu\/#website"},"datePublished":"2023-01-27T17:14:48+00:00","dateModified":"2025-04-17T07:33:17+00:00","description":"Az FX Software szolg\u00e1ltat\u00e1sai.","breadcrumb":{"@id":"https:\/\/fx.hu\/hu\/rolunk\/szolgaltatasaink\/#breadcrumb"},"inLanguage":"hu","potentialAction":[{"@type":"ReadAction","target":["https:\/\/fx.hu\/hu\/rolunk\/szolgaltatasaink\/"]}]},{"@type":"BreadcrumbList","@id":"https:\/\/fx.hu\/hu\/rolunk\/szolgaltatasaink\/#breadcrumb","itemListElement":[{"@type":"ListItem","position":1,"name":"Kezd\u0151lap","item":"https:\/\/fx.hu\/hu\/"},{"@type":"ListItem","position":2,"name":"R\u00f3lunk","item":"https:\/\/fx.hu\/hu\/rolunk\/"},{"@type":"ListItem","position":3,"name":"Szolg\u00e1ltat\u00e1saink"}]},{"@type":"WebSite","@id":"https:\/\/fx.hu\/hu\/#website","url":"https:\/\/fx.hu\/hu\/","name":"FX Software","description":"Megb\u00edzhat\u00f3 partner a treasury szoftvermegold\u00e1sokban","publisher":{"@id":"https:\/\/fx.hu\/hu\/#organization"},"potentialAction":[{"@type":"SearchAction","target":{"@type":"EntryPoint","urlTemplate":"https:\/\/fx.hu\/hu\/?s={search_term_string}"},"query-input":{"@type":"PropertyValueSpecification","valueRequired":true,"valueName":"search_term_string"}}],"inLanguage":"hu"},{"@type":"Organization","@id":"https:\/\/fx.hu\/hu\/#organization","name":"FX Software","url":"https:\/\/fx.hu\/hu\/","logo":{"@type":"ImageObject","inLanguage":"hu","@id":"https:\/\/fx.hu\/hu\/#\/schema\/logo\/image\/","url":"https:\/\/fx.hu\/wp-content\/uploads\/2023\/01\/FX_logo_mobile.png","contentUrl":"https:\/\/fx.hu\/wp-content\/uploads\/2023\/01\/FX_logo_mobile.png","width":808,"height":600,"caption":"FX Software"},"image":{"@id":"https:\/\/fx.hu\/hu\/#\/schema\/logo\/image\/"}}]}},"_links":{"self":[{"href":"https:\/\/fx.hu\/hu\/wp-json\/wp\/v2\/pages\/3151","targetHints":{"allow":["GET"]}}],"collection":[{"href":"https:\/\/fx.hu\/hu\/wp-json\/wp\/v2\/pages"}],"about":[{"href":"https:\/\/fx.hu\/hu\/wp-json\/wp\/v2\/types\/page"}],"author":[{"embeddable":true,"href":"https:\/\/fx.hu\/hu\/wp-json\/wp\/v2\/users\/1"}],"replies":[{"embeddable":true,"href":"https:\/\/fx.hu\/hu\/wp-json\/wp\/v2\/comments?post=3151"}],"version-history":[{"count":26,"href":"https:\/\/fx.hu\/hu\/wp-json\/wp\/v2\/pages\/3151\/revisions"}],"predecessor-version":[{"id":5618,"href":"https:\/\/fx.hu\/hu\/wp-json\/wp\/v2\/pages\/3151\/revisions\/5618"}],"up":[{"embeddable":true,"href":"https:\/\/fx.hu\/hu\/wp-json\/wp\/v2\/pages\/3142"}],"wp:attachment":[{"href":"https:\/\/fx.hu\/hu\/wp-json\/wp\/v2\/media?parent=3151"}],"curies":[{"name":"wp","href":"https:\/\/api.w.org\/{rel}","templated":true}]}}