
{"id":3145,"date":"2023-01-27T18:08:15","date_gmt":"2023-01-27T17:08:15","guid":{"rendered":"http:\/\/fx.vermis.hu\/?page_id=3145"},"modified":"2025-04-17T09:33:06","modified_gmt":"2025-04-17T07:33:06","slug":"cegunk","status":"publish","type":"page","link":"https:\/\/fx.hu\/hu\/rolunk\/cegunk\/","title":{"rendered":"C\u00e9g\u00fcnk"},"content":{"rendered":"<div class=\"wpb-content-wrapper\"><p>[vc_row full_width=&#8221;stretch_row&#8221; background_image=&#8221;5411&#8243; el_class=&#8221;.das-aboutus-header&#8221;][vc_column][tm_spacer size=&#8221;sm:80;md:120;lg:170&#8243;][tm_heading custom_google_font=&#8221;&#8221; align=&#8221;center&#8221; text_color=&#8221;custom&#8221; custom_text_color=&#8221;#ffffff&#8221; font_size=&#8221;xs:20;sm:40;md:60;lg:80&#8243; line_height=&#8221;1.09&#8243;]C\u00e9g\u00fcnk[\/tm_heading][tm_spacer size=&#8221;lg:50&#8243;][\/vc_column][\/vc_row][vc_row full_width=&#8221;stretch_row&#8221;][vc_column width=&#8221;1\/2&#8243;][tm_spacer size=&#8221;lg:40&#8243;][tm_image action=&#8221;popup&#8221; align=&#8221;center&#8221; animation=&#8221;fade-in&#8221; image=&#8221;3147&#8243; rounded=&#8221;10&#8243; box_shadow=&#8221;0 20px 30px #aaa&#8221;][tm_spacer size=&#8221;lg:18&#8243;][\/vc_column][vc_column width=&#8221;1\/2&#8243;][tm_spacer size=&#8221;lg:40&#8243;][tm_image action=&#8221;popup&#8221; align=&#8221;center&#8221; animation=&#8221;fade-in&#8221; image=&#8221;3146&#8243; rounded=&#8221;10&#8243; box_shadow=&#8221;0 20px 30px #aaa&#8221;][tm_spacer size=&#8221;lg:18&#8243;][\/vc_column][\/vc_row][vc_row][vc_column width=&#8221;1\/12&#8243;][\/vc_column][vc_column width=&#8221;10\/12&#8243;][tm_spacer size=&#8221;lg:50&#8243;][vc_column_text]Az FX Software Zrt. a Treasury \u00e9s kapcsol\u00f3d\u00f3 banki folyamatokat t\u00e1mogat\u00f3 megold\u00e1sok, az InFoRex megold\u00e1scsal\u00e1d fejleszt\u0151je. Teljes k\u00f6r\u0171 szolg\u00e1ltat\u00e1st ny\u00fajtunk els\u0151sorban banki \u00e9s v\u00e1llalati szerepl\u0151k sz\u00e1m\u00e1ra, a megold\u00e1shoz kapcsol\u00f3d\u00f3 tan\u00e1csad\u00e1son, fejleszt\u00e9sen \u00e1t az implement\u00e1ci\u00f3ig \u00e9s azt k\u00f6vet\u0151 t\u00e1mogat\u00e1sig.<\/p>\n<p>C\u00e9g\u00fcnk 1997-ben j\u00f6tt l\u00e9tre magyar mag\u00e1nszem\u00e9lyek tulajdonak\u00e9nt. Az a hit ind\u00edtotta el a v\u00e1llalkoz\u00e1st, hogy bankszakmai \u00e9s technol\u00f3giai tud\u00e1sunk \u00e9s tapasztalatunk feljogos\u00edt minket arra, hogy banki megold\u00e1sokat tervezz\u00fcnk, fejlessz\u00fcnk, \u00e9s p\u00e9nzint\u00e9zetekn\u00e9l, v\u00e1llalatokn\u00e1l bevezess\u00fck term\u00e9k\u00fcnket.<\/p>\n<p>M\u00e1ig arra t\u00f6reksz\u00fcnk, hogy term\u00e9k\u00fcnk j\u00f3l haszn\u00e1lhat\u00f3 \u00e9s hat\u00e9kony t\u00e1mogat\u00e1st ny\u00fajtson \u00fcgyfeleinknek, lek\u00e9pezze a jelen \u00e9s j\u00f6v\u0151 \u00fczleti folyamatait, rendszer\u00fcnk egy\u00fctt fejl\u0151dj\u00f6n \u00fcgyfeleink ig\u00e9nyeivel, \u00e9s \u00e9rezhet\u0151 legyen munk\u00e1nk sor\u00e1n a szakmai ig\u00e9nyess\u00e9g \u00e9s tapasztalat. C\u00e9g\u00fcnk t\u00f6rt\u00e9nete sor\u00e1n folyamatosan b\u0151v\u00fcl, \u00fajabb \u00fcgyfelekkel \u00e9p\u00edt\u00fcnk ki sikeres \u00e9s term\u00e9keny kapcsolatot, feladataink \u00e9s munkat\u00e1rsaink sz\u00e1ma is folyamatosan n\u00f6vekszik. Ez arra \u00f6szt\u00f6n\u00f6z minket, hogy bels\u0151 folyamatainkat \u00e9s tev\u00e9kenys\u00e9g\u00fcnket j\u00f3l szervezz\u00fck, hogy minden \u00fcgyfel\u00fcnk azt \u00e9rezze, az \u0151 rendszere az InFoReX P\u00e9nz\u00fcgyi Megold\u00e1sok, \u00e9s az FX munkat\u00e1rsai magas sz\u00ednvonalon, teljes k\u00f6r\u0171en kiszolg\u00e1lj\u00e1k ig\u00e9ny\u00e9t.<\/p>\n<p style=\"text-align: left;\">Mindig \u00f6r\u00fcl\u00fcnk, ha visszajelz\u00e9st kapunk munk\u00e1nkr\u00f3l, hisz ezek alapj\u00e1n t\u00f6k\u00e9letes\u00edthet\u0151ek szolg\u00e1ltat\u00e1saink.<\/p>\n<p>[\/vc_column_text][tm_spacer size=&#8221;lg:60&#8243;][\/vc_column][vc_column width=&#8221;1\/12&#8243;][\/vc_column][\/vc_row]<\/p>\n<\/div>","protected":false},"excerpt":{"rendered":"<p>[vc_row full_width=&#8221;stretch_row&#8221; background_image=&#8221;5411&#8243; el_class=&#8221;.das-aboutus-header&#8221;][vc_column][tm_spacer size=&#8221;sm:80;md:120;lg:170&#8243;][tm_heading custom_google_font=&#8221;&#8221; align=&#8221;center&#8221; text_color=&#8221;custom&#8221; custom_text_color=&#8221;#ffffff&#8221; font_size=&#8221;xs:20;sm:40;md:60;lg:80&#8243; line_height=&#8221;1.09&#8243;]C\u00e9g\u00fcnk[\/tm_heading][tm_spacer size=&#8221;lg:50&#8243;][\/vc_column][\/vc_row][vc_row full_width=&#8221;stretch_row&#8221;][vc_column width=&#8221;1\/2&#8243;][tm_spacer size=&#8221;lg:40&#8243;][tm_image action=&#8221;popup&#8221; align=&#8221;center&#8221; animation=&#8221;fade-in&#8221; image=&#8221;3147&#8243; rounded=&#8221;10&#8243; box_shadow=&#8221;0 20px 30px #aaa&#8221;][tm_spacer size=&#8221;lg:18&#8243;][\/vc_column][vc_column width=&#8221;1\/2&#8243;][tm_spacer size=&#8221;lg:40&#8243;][tm_image action=&#8221;popup&#8221; align=&#8221;center&#8221; animation=&#8221;fade-in&#8221; image=&#8221;3146&#8243; rounded=&#8221;10&#8243; box_shadow=&#8221;0 20px 30px #aaa&#8221;][tm_spacer size=&#8221;lg:18&#8243;][\/vc_column][\/vc_row][vc_row][vc_column width=&#8221;1\/12&#8243;][\/vc_column][vc_column width=&#8221;10\/12&#8243;][tm_spacer size=&#8221;lg:50&#8243;][vc_column_text]Az FX Software Zrt. a Treasury \u00e9s kapcsol\u00f3d\u00f3 banki folyamatokat t\u00e1mogat\u00f3 megold\u00e1sok, az InFoRex megold\u00e1scsal\u00e1d fejleszt\u0151je. Teljes k\u00f6r\u0171 szolg\u00e1ltat\u00e1st ny\u00fajtunk els\u0151sorban banki \u00e9s v\u00e1llalati szerepl\u0151k sz\u00e1m\u00e1ra, a megold\u00e1shoz kapcsol\u00f3d\u00f3 tan\u00e1csad\u00e1son, fejleszt\u00e9sen \u00e1t az implement\u00e1ci\u00f3ig \u00e9s azt k\u00f6vet\u0151 t\u00e1mogat\u00e1sig. C\u00e9g\u00fcnk 1997-ben j\u00f6tt l\u00e9tre magyar mag\u00e1nszem\u00e9lyek tulajdonak\u00e9nt. Az a hit ind\u00edtotta el a v\u00e1llalkoz\u00e1st, hogy bankszakmai \u00e9s technol\u00f3giai tud\u00e1sunk \u00e9s tapasztalatunk feljogos\u00edt minket arra, hogy banki megold\u00e1sokat tervezz\u00fcnk, fejlessz\u00fcnk, \u00e9s p\u00e9nzint\u00e9zetekn\u00e9l, v\u00e1llalatokn\u00e1l bevezess\u00fck term\u00e9k\u00fcnket. M\u00e1ig arra t\u00f6reksz\u00fcnk, hogy term\u00e9k\u00fcnk j\u00f3l haszn\u00e1lhat\u00f3 \u00e9s hat\u00e9kony t\u00e1mogat\u00e1st ny\u00fajtson \u00fcgyfeleinknek, lek\u00e9pezze a jelen \u00e9s j\u00f6v\u0151 \u00fczleti folyamatait, rendszer\u00fcnk egy\u00fctt fejl\u0151dj\u00f6n \u00fcgyfeleink ig\u00e9nyeivel, \u00e9s \u00e9rezhet\u0151 legyen munk\u00e1nk sor\u00e1n a szakmai ig\u00e9nyess\u00e9g \u00e9s tapasztalat. C\u00e9g\u00fcnk t\u00f6rt\u00e9nete sor\u00e1n folyamatosan b\u0151v\u00fcl, \u00fajabb \u00fcgyfelekkel \u00e9p\u00edt\u00fcnk ki sikeres \u00e9s term\u00e9keny kapcsolatot, feladataink \u00e9s munkat\u00e1rsaink sz\u00e1ma is folyamatosan n\u00f6vekszik. Ez arra \u00f6szt\u00f6n\u00f6z minket, hogy bels\u0151 folyamatainkat \u00e9s tev\u00e9kenys\u00e9g\u00fcnket j\u00f3l szervezz\u00fck, hogy minden \u00fcgyfel\u00fcnk azt \u00e9rezze, az \u0151 rendszere az InFoReX P\u00e9nz\u00fcgyi Megold\u00e1sok, \u00e9s az FX munkat\u00e1rsai magas sz\u00ednvonalon, teljes k\u00f6r\u0171en kiszolg\u00e1lj\u00e1k ig\u00e9ny\u00e9t. Mindig \u00f6r\u00fcl\u00fcnk, ha visszajelz\u00e9st kapunk munk\u00e1nkr\u00f3l, hisz ezek alapj\u00e1n t\u00f6k\u00e9letes\u00edthet\u0151ek szolg\u00e1ltat\u00e1saink. [\/vc_column_text][tm_spacer size=&#8221;lg:60&#8243;][\/vc_column][vc_column width=&#8221;1\/12&#8243;][\/vc_column][\/vc_row]<\/p>\n","protected":false},"author":1,"featured_media":0,"parent":3142,"menu_order":0,"comment_status":"closed","ping_status":"closed","template":"","meta":{"inline_featured_image":false,"footnotes":""},"class_list":["post-3145","page","type-page","status-publish","hentry","post-no-thumbnail"],"yoast_head":"<!-- This site is optimized with the Yoast SEO plugin v27.4 - https:\/\/yoast.com\/product\/yoast-seo-wordpress\/ -->\n<title>C\u00e9g\u00fcnk - FX Software<\/title>\n<meta name=\"description\" content=\"Minden, amit az FX Software-r\u0151l tudni \u00e9rdemes.\" \/>\n<meta name=\"robots\" content=\"index, follow, max-snippet:-1, max-image-preview:large, max-video-preview:-1\" \/>\n<link rel=\"canonical\" href=\"https:\/\/fx.hu\/hu\/rolunk\/cegunk\/\" \/>\n<meta property=\"og:locale\" content=\"hu_HU\" \/>\n<meta property=\"og:type\" content=\"article\" \/>\n<meta property=\"og:title\" content=\"C\u00e9g\u00fcnk - FX Software\" \/>\n<meta property=\"og:description\" content=\"Minden, amit az FX Software-r\u0151l tudni \u00e9rdemes.\" \/>\n<meta property=\"og:url\" content=\"https:\/\/fx.hu\/hu\/rolunk\/cegunk\/\" \/>\n<meta property=\"og:site_name\" content=\"FX Software\" \/>\n<meta property=\"article:modified_time\" content=\"2025-04-17T07:33:06+00:00\" \/>\n<meta name=\"twitter:card\" content=\"summary_large_image\" \/>\n<meta name=\"twitter:label1\" content=\"Becs\u00fclt olvas\u00e1si id\u0151\" \/>\n\t<meta name=\"twitter:data1\" content=\"2 perc\" \/>\n<script type=\"application\/ld+json\" class=\"yoast-schema-graph\">{\"@context\":\"https:\\\/\\\/schema.org\",\"@graph\":[{\"@type\":\"WebPage\",\"@id\":\"https:\\\/\\\/fx.hu\\\/hu\\\/rolunk\\\/cegunk\\\/\",\"url\":\"https:\\\/\\\/fx.hu\\\/hu\\\/rolunk\\\/cegunk\\\/\",\"name\":\"C\u00e9g\u00fcnk - FX Software\",\"isPartOf\":{\"@id\":\"https:\\\/\\\/fx.hu\\\/hu\\\/#website\"},\"datePublished\":\"2023-01-27T17:08:15+00:00\",\"dateModified\":\"2025-04-17T07:33:06+00:00\",\"description\":\"Minden, amit az FX Software-r\u0151l tudni \u00e9rdemes.\",\"breadcrumb\":{\"@id\":\"https:\\\/\\\/fx.hu\\\/hu\\\/rolunk\\\/cegunk\\\/#breadcrumb\"},\"inLanguage\":\"hu\",\"potentialAction\":[{\"@type\":\"ReadAction\",\"target\":[\"https:\\\/\\\/fx.hu\\\/hu\\\/rolunk\\\/cegunk\\\/\"]}]},{\"@type\":\"BreadcrumbList\",\"@id\":\"https:\\\/\\\/fx.hu\\\/hu\\\/rolunk\\\/cegunk\\\/#breadcrumb\",\"itemListElement\":[{\"@type\":\"ListItem\",\"position\":1,\"name\":\"Kezd\u0151lap\",\"item\":\"https:\\\/\\\/fx.hu\\\/hu\\\/\"},{\"@type\":\"ListItem\",\"position\":2,\"name\":\"R\u00f3lunk\",\"item\":\"https:\\\/\\\/fx.hu\\\/hu\\\/rolunk\\\/\"},{\"@type\":\"ListItem\",\"position\":3,\"name\":\"C\u00e9g\u00fcnk\"}]},{\"@type\":\"WebSite\",\"@id\":\"https:\\\/\\\/fx.hu\\\/hu\\\/#website\",\"url\":\"https:\\\/\\\/fx.hu\\\/hu\\\/\",\"name\":\"FX Software\",\"description\":\"Megb\u00edzhat\u00f3 partner a treasury szoftvermegold\u00e1sokban\",\"publisher\":{\"@id\":\"https:\\\/\\\/fx.hu\\\/hu\\\/#organization\"},\"potentialAction\":[{\"@type\":\"SearchAction\",\"target\":{\"@type\":\"EntryPoint\",\"urlTemplate\":\"https:\\\/\\\/fx.hu\\\/hu\\\/?s={search_term_string}\"},\"query-input\":{\"@type\":\"PropertyValueSpecification\",\"valueRequired\":true,\"valueName\":\"search_term_string\"}}],\"inLanguage\":\"hu\"},{\"@type\":\"Organization\",\"@id\":\"https:\\\/\\\/fx.hu\\\/hu\\\/#organization\",\"name\":\"FX Software\",\"url\":\"https:\\\/\\\/fx.hu\\\/hu\\\/\",\"logo\":{\"@type\":\"ImageObject\",\"inLanguage\":\"hu\",\"@id\":\"https:\\\/\\\/fx.hu\\\/hu\\\/#\\\/schema\\\/logo\\\/image\\\/\",\"url\":\"https:\\\/\\\/fx.hu\\\/wp-content\\\/uploads\\\/2023\\\/01\\\/FX_logo_mobile.png\",\"contentUrl\":\"https:\\\/\\\/fx.hu\\\/wp-content\\\/uploads\\\/2023\\\/01\\\/FX_logo_mobile.png\",\"width\":808,\"height\":600,\"caption\":\"FX Software\"},\"image\":{\"@id\":\"https:\\\/\\\/fx.hu\\\/hu\\\/#\\\/schema\\\/logo\\\/image\\\/\"}}]}<\/script>\n<!-- \/ Yoast SEO plugin. -->","yoast_head_json":{"title":"C\u00e9g\u00fcnk - FX Software","description":"Minden, amit az FX Software-r\u0151l tudni \u00e9rdemes.","robots":{"index":"index","follow":"follow","max-snippet":"max-snippet:-1","max-image-preview":"max-image-preview:large","max-video-preview":"max-video-preview:-1"},"canonical":"https:\/\/fx.hu\/hu\/rolunk\/cegunk\/","og_locale":"hu_HU","og_type":"article","og_title":"C\u00e9g\u00fcnk - FX Software","og_description":"Minden, amit az FX Software-r\u0151l tudni \u00e9rdemes.","og_url":"https:\/\/fx.hu\/hu\/rolunk\/cegunk\/","og_site_name":"FX Software","article_modified_time":"2025-04-17T07:33:06+00:00","twitter_card":"summary_large_image","twitter_misc":{"Becs\u00fclt olvas\u00e1si id\u0151":"2 perc"},"schema":{"@context":"https:\/\/schema.org","@graph":[{"@type":"WebPage","@id":"https:\/\/fx.hu\/hu\/rolunk\/cegunk\/","url":"https:\/\/fx.hu\/hu\/rolunk\/cegunk\/","name":"C\u00e9g\u00fcnk - FX Software","isPartOf":{"@id":"https:\/\/fx.hu\/hu\/#website"},"datePublished":"2023-01-27T17:08:15+00:00","dateModified":"2025-04-17T07:33:06+00:00","description":"Minden, amit az FX Software-r\u0151l tudni \u00e9rdemes.","breadcrumb":{"@id":"https:\/\/fx.hu\/hu\/rolunk\/cegunk\/#breadcrumb"},"inLanguage":"hu","potentialAction":[{"@type":"ReadAction","target":["https:\/\/fx.hu\/hu\/rolunk\/cegunk\/"]}]},{"@type":"BreadcrumbList","@id":"https:\/\/fx.hu\/hu\/rolunk\/cegunk\/#breadcrumb","itemListElement":[{"@type":"ListItem","position":1,"name":"Kezd\u0151lap","item":"https:\/\/fx.hu\/hu\/"},{"@type":"ListItem","position":2,"name":"R\u00f3lunk","item":"https:\/\/fx.hu\/hu\/rolunk\/"},{"@type":"ListItem","position":3,"name":"C\u00e9g\u00fcnk"}]},{"@type":"WebSite","@id":"https:\/\/fx.hu\/hu\/#website","url":"https:\/\/fx.hu\/hu\/","name":"FX Software","description":"Megb\u00edzhat\u00f3 partner a treasury szoftvermegold\u00e1sokban","publisher":{"@id":"https:\/\/fx.hu\/hu\/#organization"},"potentialAction":[{"@type":"SearchAction","target":{"@type":"EntryPoint","urlTemplate":"https:\/\/fx.hu\/hu\/?s={search_term_string}"},"query-input":{"@type":"PropertyValueSpecification","valueRequired":true,"valueName":"search_term_string"}}],"inLanguage":"hu"},{"@type":"Organization","@id":"https:\/\/fx.hu\/hu\/#organization","name":"FX Software","url":"https:\/\/fx.hu\/hu\/","logo":{"@type":"ImageObject","inLanguage":"hu","@id":"https:\/\/fx.hu\/hu\/#\/schema\/logo\/image\/","url":"https:\/\/fx.hu\/wp-content\/uploads\/2023\/01\/FX_logo_mobile.png","contentUrl":"https:\/\/fx.hu\/wp-content\/uploads\/2023\/01\/FX_logo_mobile.png","width":808,"height":600,"caption":"FX Software"},"image":{"@id":"https:\/\/fx.hu\/hu\/#\/schema\/logo\/image\/"}}]}},"_links":{"self":[{"href":"https:\/\/fx.hu\/hu\/wp-json\/wp\/v2\/pages\/3145","targetHints":{"allow":["GET"]}}],"collection":[{"href":"https:\/\/fx.hu\/hu\/wp-json\/wp\/v2\/pages"}],"about":[{"href":"https:\/\/fx.hu\/hu\/wp-json\/wp\/v2\/types\/page"}],"author":[{"embeddable":true,"href":"https:\/\/fx.hu\/hu\/wp-json\/wp\/v2\/users\/1"}],"replies":[{"embeddable":true,"href":"https:\/\/fx.hu\/hu\/wp-json\/wp\/v2\/comments?post=3145"}],"version-history":[{"count":16,"href":"https:\/\/fx.hu\/hu\/wp-json\/wp\/v2\/pages\/3145\/revisions"}],"predecessor-version":[{"id":5617,"href":"https:\/\/fx.hu\/hu\/wp-json\/wp\/v2\/pages\/3145\/revisions\/5617"}],"up":[{"embeddable":true,"href":"https:\/\/fx.hu\/hu\/wp-json\/wp\/v2\/pages\/3142"}],"wp:attachment":[{"href":"https:\/\/fx.hu\/hu\/wp-json\/wp\/v2\/media?parent=3145"}],"curies":[{"name":"wp","href":"https:\/\/api.w.org\/{rel}","templated":true}]}}