
{"id":3142,"date":"2023-01-27T17:59:13","date_gmt":"2023-01-27T16:59:13","guid":{"rendered":"http:\/\/fx.vermis.hu\/?page_id=3142"},"modified":"2023-01-27T17:59:13","modified_gmt":"2023-01-27T16:59:13","slug":"rolunk","status":"publish","type":"page","link":"https:\/\/fx.hu\/hu\/rolunk\/","title":{"rendered":"R\u00f3lunk"},"content":{"rendered":"","protected":false},"excerpt":{"rendered":"","protected":false},"author":1,"featured_media":0,"parent":0,"menu_order":0,"comment_status":"closed","ping_status":"closed","template":"","meta":{"inline_featured_image":false,"footnotes":""},"class_list":["post-3142","page","type-page","status-publish","hentry","post-no-thumbnail"],"yoast_head":"<!-- This site is optimized with the Yoast SEO plugin v27.4 - https:\/\/yoast.com\/product\/yoast-seo-wordpress\/ -->\n<title>R\u00f3lunk - FX Software<\/title>\n<meta name=\"robots\" content=\"index, follow, max-snippet:-1, max-image-preview:large, max-video-preview:-1\" \/>\n<link rel=\"canonical\" href=\"https:\/\/fx.hu\/hu\/rolunk\/\" \/>\n<meta property=\"og:locale\" content=\"hu_HU\" \/>\n<meta property=\"og:type\" content=\"article\" \/>\n<meta property=\"og:title\" content=\"R\u00f3lunk - FX Software\" \/>\n<meta property=\"og:url\" content=\"https:\/\/fx.hu\/hu\/rolunk\/\" \/>\n<meta property=\"og:site_name\" content=\"FX Software\" \/>\n<meta name=\"twitter:card\" content=\"summary_large_image\" \/>\n<script type=\"application\/ld+json\" class=\"yoast-schema-graph\">{\"@context\":\"https:\\\/\\\/schema.org\",\"@graph\":[{\"@type\":\"WebPage\",\"@id\":\"https:\\\/\\\/fx.hu\\\/hu\\\/rolunk\\\/\",\"url\":\"https:\\\/\\\/fx.hu\\\/hu\\\/rolunk\\\/\",\"name\":\"R\u00f3lunk - FX Software\",\"isPartOf\":{\"@id\":\"https:\\\/\\\/fx.hu\\\/hu\\\/#website\"},\"datePublished\":\"2023-01-27T16:59:13+00:00\",\"breadcrumb\":{\"@id\":\"https:\\\/\\\/fx.hu\\\/hu\\\/rolunk\\\/#breadcrumb\"},\"inLanguage\":\"hu\",\"potentialAction\":[{\"@type\":\"ReadAction\",\"target\":[\"https:\\\/\\\/fx.hu\\\/hu\\\/rolunk\\\/\"]}]},{\"@type\":\"BreadcrumbList\",\"@id\":\"https:\\\/\\\/fx.hu\\\/hu\\\/rolunk\\\/#breadcrumb\",\"itemListElement\":[{\"@type\":\"ListItem\",\"position\":1,\"name\":\"Kezd\u0151lap\",\"item\":\"https:\\\/\\\/fx.hu\\\/hu\\\/\"},{\"@type\":\"ListItem\",\"position\":2,\"name\":\"R\u00f3lunk\"}]},{\"@type\":\"WebSite\",\"@id\":\"https:\\\/\\\/fx.hu\\\/hu\\\/#website\",\"url\":\"https:\\\/\\\/fx.hu\\\/hu\\\/\",\"name\":\"FX Software\",\"description\":\"Megb\u00edzhat\u00f3 partner a treasury szoftvermegold\u00e1sokban\",\"publisher\":{\"@id\":\"https:\\\/\\\/fx.hu\\\/hu\\\/#organization\"},\"potentialAction\":[{\"@type\":\"SearchAction\",\"target\":{\"@type\":\"EntryPoint\",\"urlTemplate\":\"https:\\\/\\\/fx.hu\\\/hu\\\/?s={search_term_string}\"},\"query-input\":{\"@type\":\"PropertyValueSpecification\",\"valueRequired\":true,\"valueName\":\"search_term_string\"}}],\"inLanguage\":\"hu\"},{\"@type\":\"Organization\",\"@id\":\"https:\\\/\\\/fx.hu\\\/hu\\\/#organization\",\"name\":\"FX Software\",\"url\":\"https:\\\/\\\/fx.hu\\\/hu\\\/\",\"logo\":{\"@type\":\"ImageObject\",\"inLanguage\":\"hu\",\"@id\":\"https:\\\/\\\/fx.hu\\\/hu\\\/#\\\/schema\\\/logo\\\/image\\\/\",\"url\":\"https:\\\/\\\/fx.hu\\\/wp-content\\\/uploads\\\/2023\\\/01\\\/FX_logo_mobile.png\",\"contentUrl\":\"https:\\\/\\\/fx.hu\\\/wp-content\\\/uploads\\\/2023\\\/01\\\/FX_logo_mobile.png\",\"width\":808,\"height\":600,\"caption\":\"FX Software\"},\"image\":{\"@id\":\"https:\\\/\\\/fx.hu\\\/hu\\\/#\\\/schema\\\/logo\\\/image\\\/\"}}]}<\/script>\n<!-- \/ Yoast SEO plugin. -->","yoast_head_json":{"title":"R\u00f3lunk - FX Software","robots":{"index":"index","follow":"follow","max-snippet":"max-snippet:-1","max-image-preview":"max-image-preview:large","max-video-preview":"max-video-preview:-1"},"canonical":"https:\/\/fx.hu\/hu\/rolunk\/","og_locale":"hu_HU","og_type":"article","og_title":"R\u00f3lunk - FX Software","og_url":"https:\/\/fx.hu\/hu\/rolunk\/","og_site_name":"FX Software","twitter_card":"summary_large_image","schema":{"@context":"https:\/\/schema.org","@graph":[{"@type":"WebPage","@id":"https:\/\/fx.hu\/hu\/rolunk\/","url":"https:\/\/fx.hu\/hu\/rolunk\/","name":"R\u00f3lunk - FX Software","isPartOf":{"@id":"https:\/\/fx.hu\/hu\/#website"},"datePublished":"2023-01-27T16:59:13+00:00","breadcrumb":{"@id":"https:\/\/fx.hu\/hu\/rolunk\/#breadcrumb"},"inLanguage":"hu","potentialAction":[{"@type":"ReadAction","target":["https:\/\/fx.hu\/hu\/rolunk\/"]}]},{"@type":"BreadcrumbList","@id":"https:\/\/fx.hu\/hu\/rolunk\/#breadcrumb","itemListElement":[{"@type":"ListItem","position":1,"name":"Kezd\u0151lap","item":"https:\/\/fx.hu\/hu\/"},{"@type":"ListItem","position":2,"name":"R\u00f3lunk"}]},{"@type":"WebSite","@id":"https:\/\/fx.hu\/hu\/#website","url":"https:\/\/fx.hu\/hu\/","name":"FX Software","description":"Megb\u00edzhat\u00f3 partner a treasury szoftvermegold\u00e1sokban","publisher":{"@id":"https:\/\/fx.hu\/hu\/#organization"},"potentialAction":[{"@type":"SearchAction","target":{"@type":"EntryPoint","urlTemplate":"https:\/\/fx.hu\/hu\/?s={search_term_string}"},"query-input":{"@type":"PropertyValueSpecification","valueRequired":true,"valueName":"search_term_string"}}],"inLanguage":"hu"},{"@type":"Organization","@id":"https:\/\/fx.hu\/hu\/#organization","name":"FX Software","url":"https:\/\/fx.hu\/hu\/","logo":{"@type":"ImageObject","inLanguage":"hu","@id":"https:\/\/fx.hu\/hu\/#\/schema\/logo\/image\/","url":"https:\/\/fx.hu\/wp-content\/uploads\/2023\/01\/FX_logo_mobile.png","contentUrl":"https:\/\/fx.hu\/wp-content\/uploads\/2023\/01\/FX_logo_mobile.png","width":808,"height":600,"caption":"FX Software"},"image":{"@id":"https:\/\/fx.hu\/hu\/#\/schema\/logo\/image\/"}}]}},"_links":{"self":[{"href":"https:\/\/fx.hu\/hu\/wp-json\/wp\/v2\/pages\/3142","targetHints":{"allow":["GET"]}}],"collection":[{"href":"https:\/\/fx.hu\/hu\/wp-json\/wp\/v2\/pages"}],"about":[{"href":"https:\/\/fx.hu\/hu\/wp-json\/wp\/v2\/types\/page"}],"author":[{"embeddable":true,"href":"https:\/\/fx.hu\/hu\/wp-json\/wp\/v2\/users\/1"}],"replies":[{"embeddable":true,"href":"https:\/\/fx.hu\/hu\/wp-json\/wp\/v2\/comments?post=3142"}],"version-history":[{"count":1,"href":"https:\/\/fx.hu\/hu\/wp-json\/wp\/v2\/pages\/3142\/revisions"}],"predecessor-version":[{"id":3143,"href":"https:\/\/fx.hu\/hu\/wp-json\/wp\/v2\/pages\/3142\/revisions\/3143"}],"wp:attachment":[{"href":"https:\/\/fx.hu\/hu\/wp-json\/wp\/v2\/media?parent=3142"}],"curies":[{"name":"wp","href":"https:\/\/api.w.org\/{rel}","templated":true}]}}