
{"id":2999,"date":"2023-01-27T01:32:17","date_gmt":"2023-01-27T00:32:17","guid":{"rendered":"http:\/\/fx.vermis.hu\/?page_id=2999"},"modified":"2025-04-17T09:21:16","modified_gmt":"2025-04-17T07:21:16","slug":"referenciak","status":"publish","type":"page","link":"https:\/\/fx.hu\/hu\/referenciak\/","title":{"rendered":"Referenci\u00e1k"},"content":{"rendered":"<div class=\"wpb-content-wrapper\"><p>[vc_row full_width=&#8221;stretch_row&#8221; equal_height=&#8221;yes&#8221; background_image=&#8221;5482&#8243; el_class=&#8221;das-reference-header&#8221;][vc_column][tm_spacer size=&#8221;sm:80;md:120;lg:170&#8243;][tm_heading custom_google_font=&#8221;&#8221; align=&#8221;center&#8221; text_color=&#8221;custom&#8221; custom_text_color=&#8221;#ffffff&#8221; font_size=&#8221;xs:20;sm:40;md:60;lg:80&#8243; line_height=&#8221;1.09&#8243;]Referenci\u00e1k[\/tm_heading][tm_spacer size=&#8221;lg:50&#8243;][\/vc_column][\/vc_row][vc_row el_id=&#8221;penzugyi&#8221;][vc_column][tm_spacer size=&#8221;lg:50&#8243;][tm_heading style=&#8221;highlight-02&#8243; tag=&#8221;h1&#8243; custom_google_font=&#8221;&#8221; text_color=&#8221;custom&#8221; custom_text_color=&#8221;#0081c5&#8243; font_size=&#8221;lg:25&#8243;]P\u00e9nz\u00fcgyi int\u00e9zm\u00e9nyek[\/tm_heading][tm_spacer size=&#8221;lg:18&#8243;][\/vc_column][\/vc_row][vc_row][vc_column width=&#8221;1\/5&#8243;][tm_image align=&#8221;center&#8221; image=&#8221;5116&#8243;][\/vc_column][vc_column width=&#8221;1\/5&#8243;][tm_image align=&#8221;center&#8221; image=&#8221;5118&#8243;][\/vc_column][vc_column width=&#8221;1\/5&#8243;][tm_image align=&#8221;center&#8221; image=&#8221;5120&#8243;][\/vc_column][vc_column width=&#8221;1\/5&#8243;][\/vc_column][vc_column width=&#8221;1\/5&#8243;][\/vc_column][\/vc_row][vc_row el_id=&#8221;kereskedelmi&#8221;][vc_column][tm_spacer size=&#8221;lg:50&#8243;][tm_heading style=&#8221;highlight-02&#8243; tag=&#8221;h1&#8243; custom_google_font=&#8221;&#8221; text_color=&#8221;custom&#8221; custom_text_color=&#8221;#0081c5&#8243; font_size=&#8221;lg:25&#8243;]Kereskedelmi bankok[\/tm_heading][tm_spacer size=&#8221;lg:18&#8243;][\/vc_column][\/vc_row][vc_row][vc_column width=&#8221;1\/5&#8243;][tm_image align=&#8221;center&#8221; image=&#8221;5100&#8243;][\/vc_column][vc_column width=&#8221;1\/5&#8243;][tm_image align=&#8221;center&#8221; image=&#8221;5102&#8243;][\/vc_column][vc_column width=&#8221;1\/5&#8243;][tm_image align=&#8221;center&#8221; image=&#8221;5104&#8243;][\/vc_column][vc_column width=&#8221;1\/5&#8243;][tm_image align=&#8221;center&#8221; image=&#8221;5106&#8243;][\/vc_column][vc_column width=&#8221;1\/5&#8243;][tm_image align=&#8221;center&#8221; image=&#8221;5108&#8243;][\/vc_column][\/vc_row][vc_row][vc_column width=&#8221;1\/5&#8243;][tm_image align=&#8221;center&#8221; image=&#8221;5110&#8243;][\/vc_column][vc_column width=&#8221;1\/5&#8243;][tm_image align=&#8221;center&#8221; image=&#8221;5112&#8243;][\/vc_column][vc_column width=&#8221;1\/5&#8243;][tm_image align=&#8221;center&#8221; image=&#8221;5114&#8243;][\/vc_column][vc_column width=&#8221;1\/5&#8243;][tm_image align=&#8221;center&#8221; image=&#8221;5397&#8243;][\/vc_column][vc_column width=&#8221;1\/5&#8243;][\/vc_column][\/vc_row][vc_row el_id=&#8221;vallalatok&#8221;][vc_column][tm_spacer size=&#8221;lg:50&#8243;][tm_heading style=&#8221;highlight-02&#8243; tag=&#8221;h1&#8243; custom_google_font=&#8221;&#8221; text_color=&#8221;custom&#8221; custom_text_color=&#8221;#0081c5&#8243; font_size=&#8221;lg:25&#8243;]V\u00e1llalatok[\/tm_heading][tm_spacer size=&#8221;lg:18&#8243;][\/vc_column][\/vc_row][vc_row lg_spacing=&#8221;padding_bottom:60&#8243;][vc_column width=&#8221;1\/5&#8243;][tm_image align=&#8221;center&#8221; image=&#8221;5122&#8243;][\/vc_column][vc_column width=&#8221;1\/5&#8243;][tm_image align=&#8221;center&#8221; image=&#8221;5124&#8243;][\/vc_column][vc_column width=&#8221;1\/5&#8243;][tm_image align=&#8221;center&#8221; image=&#8221;5126&#8243;][\/vc_column][vc_column width=&#8221;1\/5&#8243;][tm_image align=&#8221;center&#8221; image=&#8221;5130&#8243;][\/vc_column][vc_column width=&#8221;1\/5&#8243;][\/vc_column][\/vc_row]<\/p>\n<\/div>","protected":false},"excerpt":{"rendered":"<p>[vc_row full_width=&#8221;stretch_row&#8221; equal_height=&#8221;yes&#8221; background_image=&#8221;5482&#8243; el_class=&#8221;das-reference-header&#8221;][vc_column][tm_spacer size=&#8221;sm:80;md:120;lg:170&#8243;][tm_heading custom_google_font=&#8221;&#8221; align=&#8221;center&#8221; text_color=&#8221;custom&#8221; custom_text_color=&#8221;#ffffff&#8221; font_size=&#8221;xs:20;sm:40;md:60;lg:80&#8243; line_height=&#8221;1.09&#8243;]Referenci\u00e1k[\/tm_heading][tm_spacer size=&#8221;lg:50&#8243;][\/vc_column][\/vc_row][vc_row el_id=&#8221;penzugyi&#8221;][vc_column][tm_spacer size=&#8221;lg:50&#8243;][tm_heading style=&#8221;highlight-02&#8243; tag=&#8221;h1&#8243; custom_google_font=&#8221;&#8221; text_color=&#8221;custom&#8221; custom_text_color=&#8221;#0081c5&#8243; font_size=&#8221;lg:25&#8243;]P\u00e9nz\u00fcgyi int\u00e9zm\u00e9nyek[\/tm_heading][tm_spacer size=&#8221;lg:18&#8243;][\/vc_column][\/vc_row][vc_row][vc_column width=&#8221;1\/5&#8243;][tm_image align=&#8221;center&#8221; image=&#8221;5116&#8243;][\/vc_column][vc_column width=&#8221;1\/5&#8243;][tm_image align=&#8221;center&#8221; image=&#8221;5118&#8243;][\/vc_column][vc_column width=&#8221;1\/5&#8243;][tm_image align=&#8221;center&#8221; image=&#8221;5120&#8243;][\/vc_column][vc_column width=&#8221;1\/5&#8243;][\/vc_column][vc_column width=&#8221;1\/5&#8243;][\/vc_column][\/vc_row][vc_row el_id=&#8221;kereskedelmi&#8221;][vc_column][tm_spacer size=&#8221;lg:50&#8243;][tm_heading style=&#8221;highlight-02&#8243; tag=&#8221;h1&#8243; custom_google_font=&#8221;&#8221; text_color=&#8221;custom&#8221; custom_text_color=&#8221;#0081c5&#8243; font_size=&#8221;lg:25&#8243;]Kereskedelmi bankok[\/tm_heading][tm_spacer size=&#8221;lg:18&#8243;][\/vc_column][\/vc_row][vc_row][vc_column width=&#8221;1\/5&#8243;][tm_image align=&#8221;center&#8221; image=&#8221;5100&#8243;][\/vc_column][vc_column width=&#8221;1\/5&#8243;][tm_image align=&#8221;center&#8221; image=&#8221;5102&#8243;][\/vc_column][vc_column width=&#8221;1\/5&#8243;][tm_image align=&#8221;center&#8221; image=&#8221;5104&#8243;][\/vc_column][vc_column width=&#8221;1\/5&#8243;][tm_image align=&#8221;center&#8221; image=&#8221;5106&#8243;][\/vc_column][vc_column width=&#8221;1\/5&#8243;][tm_image align=&#8221;center&#8221; image=&#8221;5108&#8243;][\/vc_column][\/vc_row][vc_row][vc_column width=&#8221;1\/5&#8243;][tm_image align=&#8221;center&#8221; image=&#8221;5110&#8243;][\/vc_column][vc_column width=&#8221;1\/5&#8243;][tm_image align=&#8221;center&#8221; image=&#8221;5112&#8243;][\/vc_column][vc_column width=&#8221;1\/5&#8243;][tm_image align=&#8221;center&#8221; image=&#8221;5114&#8243;][\/vc_column][vc_column width=&#8221;1\/5&#8243;][tm_image align=&#8221;center&#8221; image=&#8221;5397&#8243;][\/vc_column][vc_column width=&#8221;1\/5&#8243;][\/vc_column][\/vc_row][vc_row el_id=&#8221;vallalatok&#8221;][vc_column][tm_spacer size=&#8221;lg:50&#8243;][tm_heading style=&#8221;highlight-02&#8243; tag=&#8221;h1&#8243; custom_google_font=&#8221;&#8221; text_color=&#8221;custom&#8221; custom_text_color=&#8221;#0081c5&#8243; font_size=&#8221;lg:25&#8243;]V\u00e1llalatok[\/tm_heading][tm_spacer size=&#8221;lg:18&#8243;][\/vc_column][\/vc_row][vc_row lg_spacing=&#8221;padding_bottom:60&#8243;][vc_column width=&#8221;1\/5&#8243;][tm_image align=&#8221;center&#8221; image=&#8221;5122&#8243;][\/vc_column][vc_column width=&#8221;1\/5&#8243;][tm_image align=&#8221;center&#8221; image=&#8221;5124&#8243;][\/vc_column][vc_column width=&#8221;1\/5&#8243;][tm_image align=&#8221;center&#8221; image=&#8221;5126&#8243;][\/vc_column][vc_column width=&#8221;1\/5&#8243;][tm_image align=&#8221;center&#8221; image=&#8221;5130&#8243;][\/vc_column][vc_column width=&#8221;1\/5&#8243;][\/vc_column][\/vc_row]<\/p>\n","protected":false},"author":1,"featured_media":0,"parent":0,"menu_order":0,"comment_status":"closed","ping_status":"closed","template":"","meta":{"inline_featured_image":false,"footnotes":""},"class_list":["post-2999","page","type-page","status-publish","hentry","post-no-thumbnail"],"yoast_head":"<!-- This site is optimized with the Yoast SEO plugin v27.3 - https:\/\/yoast.com\/product\/yoast-seo-wordpress\/ -->\n<title>Referenci\u00e1k - FX Software<\/title>\n<meta name=\"description\" content=\"Ismerje meg az FX Software referenci\u00e1it \u00e9s \u00fcgyfeleit!\" \/>\n<meta name=\"robots\" content=\"index, follow, max-snippet:-1, max-image-preview:large, max-video-preview:-1\" \/>\n<link rel=\"canonical\" href=\"https:\/\/fx.hu\/hu\/referenciak\/\" \/>\n<meta property=\"og:locale\" content=\"hu_HU\" \/>\n<meta property=\"og:type\" content=\"article\" \/>\n<meta property=\"og:title\" content=\"Referenci\u00e1k - FX Software\" \/>\n<meta property=\"og:description\" content=\"Ismerje meg az FX Software referenci\u00e1it \u00e9s \u00fcgyfeleit!\" \/>\n<meta property=\"og:url\" content=\"https:\/\/fx.hu\/hu\/referenciak\/\" \/>\n<meta property=\"og:site_name\" content=\"FX Software\" \/>\n<meta property=\"article:modified_time\" content=\"2025-04-17T07:21:16+00:00\" \/>\n<meta name=\"twitter:card\" content=\"summary_large_image\" \/>\n<meta name=\"twitter:label1\" content=\"Becs\u00fclt olvas\u00e1si id\u0151\" \/>\n\t<meta name=\"twitter:data1\" content=\"4 perc\" \/>\n<script type=\"application\/ld+json\" class=\"yoast-schema-graph\">{\"@context\":\"https:\\\/\\\/schema.org\",\"@graph\":[{\"@type\":\"WebPage\",\"@id\":\"https:\\\/\\\/fx.hu\\\/hu\\\/referenciak\\\/\",\"url\":\"https:\\\/\\\/fx.hu\\\/hu\\\/referenciak\\\/\",\"name\":\"Referenci\u00e1k - FX Software\",\"isPartOf\":{\"@id\":\"https:\\\/\\\/fx.hu\\\/hu\\\/#website\"},\"datePublished\":\"2023-01-27T00:32:17+00:00\",\"dateModified\":\"2025-04-17T07:21:16+00:00\",\"description\":\"Ismerje meg az FX Software referenci\u00e1it \u00e9s \u00fcgyfeleit!\",\"breadcrumb\":{\"@id\":\"https:\\\/\\\/fx.hu\\\/hu\\\/referenciak\\\/#breadcrumb\"},\"inLanguage\":\"hu\",\"potentialAction\":[{\"@type\":\"ReadAction\",\"target\":[\"https:\\\/\\\/fx.hu\\\/hu\\\/referenciak\\\/\"]}]},{\"@type\":\"BreadcrumbList\",\"@id\":\"https:\\\/\\\/fx.hu\\\/hu\\\/referenciak\\\/#breadcrumb\",\"itemListElement\":[{\"@type\":\"ListItem\",\"position\":1,\"name\":\"Kezd\u0151lap\",\"item\":\"https:\\\/\\\/fx.hu\\\/hu\\\/\"},{\"@type\":\"ListItem\",\"position\":2,\"name\":\"Referenci\u00e1k\"}]},{\"@type\":\"WebSite\",\"@id\":\"https:\\\/\\\/fx.hu\\\/hu\\\/#website\",\"url\":\"https:\\\/\\\/fx.hu\\\/hu\\\/\",\"name\":\"FX Software\",\"description\":\"Megb\u00edzhat\u00f3 partner a treasury szoftvermegold\u00e1sokban\",\"publisher\":{\"@id\":\"https:\\\/\\\/fx.hu\\\/hu\\\/#organization\"},\"potentialAction\":[{\"@type\":\"SearchAction\",\"target\":{\"@type\":\"EntryPoint\",\"urlTemplate\":\"https:\\\/\\\/fx.hu\\\/hu\\\/?s={search_term_string}\"},\"query-input\":{\"@type\":\"PropertyValueSpecification\",\"valueRequired\":true,\"valueName\":\"search_term_string\"}}],\"inLanguage\":\"hu\"},{\"@type\":\"Organization\",\"@id\":\"https:\\\/\\\/fx.hu\\\/hu\\\/#organization\",\"name\":\"FX Software\",\"url\":\"https:\\\/\\\/fx.hu\\\/hu\\\/\",\"logo\":{\"@type\":\"ImageObject\",\"inLanguage\":\"hu\",\"@id\":\"https:\\\/\\\/fx.hu\\\/hu\\\/#\\\/schema\\\/logo\\\/image\\\/\",\"url\":\"https:\\\/\\\/fx.hu\\\/wp-content\\\/uploads\\\/2023\\\/01\\\/FX_logo_mobile.png\",\"contentUrl\":\"https:\\\/\\\/fx.hu\\\/wp-content\\\/uploads\\\/2023\\\/01\\\/FX_logo_mobile.png\",\"width\":808,\"height\":600,\"caption\":\"FX Software\"},\"image\":{\"@id\":\"https:\\\/\\\/fx.hu\\\/hu\\\/#\\\/schema\\\/logo\\\/image\\\/\"}}]}<\/script>\n<!-- \/ Yoast SEO plugin. -->","yoast_head_json":{"title":"Referenci\u00e1k - FX Software","description":"Ismerje meg az FX Software referenci\u00e1it \u00e9s \u00fcgyfeleit!","robots":{"index":"index","follow":"follow","max-snippet":"max-snippet:-1","max-image-preview":"max-image-preview:large","max-video-preview":"max-video-preview:-1"},"canonical":"https:\/\/fx.hu\/hu\/referenciak\/","og_locale":"hu_HU","og_type":"article","og_title":"Referenci\u00e1k - FX Software","og_description":"Ismerje meg az FX Software referenci\u00e1it \u00e9s \u00fcgyfeleit!","og_url":"https:\/\/fx.hu\/hu\/referenciak\/","og_site_name":"FX Software","article_modified_time":"2025-04-17T07:21:16+00:00","twitter_card":"summary_large_image","twitter_misc":{"Becs\u00fclt olvas\u00e1si id\u0151":"4 perc"},"schema":{"@context":"https:\/\/schema.org","@graph":[{"@type":"WebPage","@id":"https:\/\/fx.hu\/hu\/referenciak\/","url":"https:\/\/fx.hu\/hu\/referenciak\/","name":"Referenci\u00e1k - FX Software","isPartOf":{"@id":"https:\/\/fx.hu\/hu\/#website"},"datePublished":"2023-01-27T00:32:17+00:00","dateModified":"2025-04-17T07:21:16+00:00","description":"Ismerje meg az FX Software referenci\u00e1it \u00e9s \u00fcgyfeleit!","breadcrumb":{"@id":"https:\/\/fx.hu\/hu\/referenciak\/#breadcrumb"},"inLanguage":"hu","potentialAction":[{"@type":"ReadAction","target":["https:\/\/fx.hu\/hu\/referenciak\/"]}]},{"@type":"BreadcrumbList","@id":"https:\/\/fx.hu\/hu\/referenciak\/#breadcrumb","itemListElement":[{"@type":"ListItem","position":1,"name":"Kezd\u0151lap","item":"https:\/\/fx.hu\/hu\/"},{"@type":"ListItem","position":2,"name":"Referenci\u00e1k"}]},{"@type":"WebSite","@id":"https:\/\/fx.hu\/hu\/#website","url":"https:\/\/fx.hu\/hu\/","name":"FX Software","description":"Megb\u00edzhat\u00f3 partner a treasury szoftvermegold\u00e1sokban","publisher":{"@id":"https:\/\/fx.hu\/hu\/#organization"},"potentialAction":[{"@type":"SearchAction","target":{"@type":"EntryPoint","urlTemplate":"https:\/\/fx.hu\/hu\/?s={search_term_string}"},"query-input":{"@type":"PropertyValueSpecification","valueRequired":true,"valueName":"search_term_string"}}],"inLanguage":"hu"},{"@type":"Organization","@id":"https:\/\/fx.hu\/hu\/#organization","name":"FX Software","url":"https:\/\/fx.hu\/hu\/","logo":{"@type":"ImageObject","inLanguage":"hu","@id":"https:\/\/fx.hu\/hu\/#\/schema\/logo\/image\/","url":"https:\/\/fx.hu\/wp-content\/uploads\/2023\/01\/FX_logo_mobile.png","contentUrl":"https:\/\/fx.hu\/wp-content\/uploads\/2023\/01\/FX_logo_mobile.png","width":808,"height":600,"caption":"FX Software"},"image":{"@id":"https:\/\/fx.hu\/hu\/#\/schema\/logo\/image\/"}}]}},"_links":{"self":[{"href":"https:\/\/fx.hu\/hu\/wp-json\/wp\/v2\/pages\/2999","targetHints":{"allow":["GET"]}}],"collection":[{"href":"https:\/\/fx.hu\/hu\/wp-json\/wp\/v2\/pages"}],"about":[{"href":"https:\/\/fx.hu\/hu\/wp-json\/wp\/v2\/types\/page"}],"author":[{"embeddable":true,"href":"https:\/\/fx.hu\/hu\/wp-json\/wp\/v2\/users\/1"}],"replies":[{"embeddable":true,"href":"https:\/\/fx.hu\/hu\/wp-json\/wp\/v2\/comments?post=2999"}],"version-history":[{"count":75,"href":"https:\/\/fx.hu\/hu\/wp-json\/wp\/v2\/pages\/2999\/revisions"}],"predecessor-version":[{"id":5604,"href":"https:\/\/fx.hu\/hu\/wp-json\/wp\/v2\/pages\/2999\/revisions\/5604"}],"wp:attachment":[{"href":"https:\/\/fx.hu\/hu\/wp-json\/wp\/v2\/media?parent=2999"}],"curies":[{"name":"wp","href":"https:\/\/api.w.org\/{rel}","templated":true}]}}